{"id":96,"date":"2021-09-05T18:20:36","date_gmt":"2021-09-05T16:20:36","guid":{"rendered":"http:\/\/localhost\/wordpress\/?page_id=96"},"modified":"2026-03-24T12:36:36","modified_gmt":"2026-03-24T11:36:36","slug":"lehre","status":"publish","type":"page","link":"https:\/\/www.socecon.rwth-aachen.de\/en\/lehre\/","title":{"rendered":"Teaching"},"content":{"rendered":"<p class=\"wp-block-paragraph\"><strong>Sommersemester 2026<\/strong><\/p>\n\n\n\n<p class=\"wp-block-paragraph\"><strong>Meet the Circular Economy <\/strong>- Sustainable innovation in practice <br>Willkommen sind Studierende und Universit\u00e4tsangeh\u00f6rige aus allen Fakult\u00e4ten sowie alle Interessierte <a href=\"https:\/\/www.socecon.rwth-aachen.de\/en\/lehre\/meet-the-circular-economy\/\" data-type=\"link\" data-id=\"https:\/\/www.socecon.rwth-aachen.de\/lehre\/meet-the-circular-economy\/\">further information<\/a><\/p>\n\n\n\n<p class=\"wp-block-paragraph\"><strong>Adoption and Diffusion of Innovations for Sustainable Development<\/strong><\/p>\n\n\n\n<p class=\"wp-block-paragraph\"><strong>Sustainability Concepts in Corporate and Economic Practice<\/strong><\/p>\n\n\n\n<h4 class=\"wp-block-heading\"><strong>Sommersemester 2025<\/strong><\/h4>\n\n\n\n<p class=\"wp-block-paragraph\"><strong>Meet the Circular Economy <\/strong>- Sustainable innovation in practice <br>Willkommen sind Studierende und Universit\u00e4tsangeh\u00f6rige aus allen Fakult\u00e4ten sowie alle Interessierte <a href=\"https:\/\/www.socecon.rwth-aachen.de\/en\/lehre\/meet-the-circular-economy-2025\/\" data-type=\"link\" data-id=\"https:\/\/www.socecon.rwth-aachen.de\/lehre\/meet-the-circular-economy\/\">further information<\/a><\/p>\n\n\n\n<p class=\"wp-block-paragraph\"><strong>Adoption and Diffusion of Innovations for Sustainable Development<\/strong><\/p>\n\n\n\n<h4 class=\"wp-block-heading\"><strong>Wintersemester 2024\/25<\/strong><\/h4>\n\n\n\n<p class=\"wp-block-paragraph\"><strong>Participatory Modelling<\/strong><\/p>\n\n\n\n<p class=\"wp-block-paragraph\"><strong>Participatory Modelling for Mathematical Economics<\/strong><\/p>\n\n\n\n<h4 class=\"wp-block-heading\" id=\"wintersemester-2021-2022\"><strong>Sommersemester 2024<\/strong><\/h4>\n\n\n\n<p class=\"wp-block-paragraph\"><strong>Meet the Circular Economy <\/strong>- Sustainable innovation in practice <br>Students and university staff from all faculties as well as all those interested are welcome - <a href=\"https:\/\/www.socecon.rwth-aachen.de\/en\/lehre\/meet-the-circular-economy-2024\/\" data-type=\"link\" data-id=\"https:\/\/www.socecon.rwth-aachen.de\/lehre\/meet-the-circular-economy-2024\/\">further information<\/a><\/p>\n\n\n\n<p class=\"wp-block-paragraph\"><strong>Adoption and Diffusion of Innovations for Sustainable Development<\/strong><\/p>\n\n\n\n<h4 class=\"wp-block-heading\"><strong>Wintersemester 2023\/2024<\/strong><\/h4>\n\n\n\n<p class=\"wp-block-paragraph\"><strong>Participatory Modelling<\/strong><\/p>\n\n\n\n<h4 class=\"wp-block-heading\" id=\"wintersemester-2021-2022\"><strong>Summer semester 2023<\/strong><\/h4>\n\n\n\n<p class=\"wp-block-paragraph\"><strong>Meet the Circular Economy 2023<\/strong>- Sustainable innovation in practice <br>Students and university staff from all faculties as well as all those interested are welcome - <a href=\"https:\/\/www.socecon.rwth-aachen.de\/en\/lehre\/meet-the-circular-economy-2023\/\" data-type=\"URL\" data-id=\"https:\/\/www.socecon.rwth-aachen.de\/lehre\/meet-the-circular-economy\/\">further information<\/a><\/p>\n\n\n\n<p class=\"wp-block-paragraph\"><strong>Adoption and Diffusion of Bio-based Innovations for Sustainable Development<\/strong><\/p>\n\n\n\n<h4 class=\"wp-block-heading\"><strong>Winter semester 2022\/2023<\/strong><\/h4>\n\n\n\n<p class=\"wp-block-paragraph\"><strong>Participatory Modelling<\/strong><\/p>\n\n\n\n<h4 class=\"wp-block-heading\" id=\"wintersemester-2021-2022\"><strong>Summer semester 2022<\/strong><\/h4>\n\n\n\n<p class=\"wp-block-paragraph\"><strong>Meet the Circular Economy 2022 <\/strong>- Sustainable innovation in practice <br>Students and university staff from all faculties as well as all those interested are welcome - <a href=\"https:\/\/www.socecon.rwth-aachen.de\/en\/lehre\/meet-the-circular-economy-2022\/\" data-type=\"URL\" data-id=\"https:\/\/www.socecon.rwth-aachen.de\/lehre\/meet-the-circular-economy-2022\/\">further information<\/a><\/p>\n\n\n\n<p class=\"wp-block-paragraph\"><strong>Project Module: Current Economy II<\/strong> - The future transport system in Germany<\/p>\n\n\n\n<h4 class=\"wp-block-heading\" id=\"wintersemester-2021-2022\"><strong>Winter semester 2021\/2022<\/strong><\/h4>\n\n\n\n<p class=\"wp-block-paragraph\"><strong>Seminar: Sustainable Development, Circular Economy and the German \u201eEnergiewende\u201c<\/strong> \u2013 Policy Analysis, Regulation and its Relevance for Market Transformations<\/p>\n\n\n\n<h4 class=\"wp-block-heading\" id=\"sommersemester-2021\"><strong>Summer semester 2021<\/strong><\/h4>\n\n\n\n<p class=\"wp-block-paragraph\"><strong>Project module: Transformation to the Bioeconomy<\/strong> - design of regional biobased value chain network<\/p>","protected":false},"excerpt":{"rendered":"<p>Sommersemester 2026 Meet the Circular Economy \u2013 Nachhaltige Innovation in der Praxis Willkommen sind Studierende und Universit\u00e4tsangeh\u00f6rige aus allen Fakult\u00e4ten sowie alle Interessierte mehr Infos Adoption and Diffusion of Innovations for Sustainable Development Sustainability Concepts in Corporate and Economic Practice Sommersemester 2025 Meet the Circular Economy \u2013 Nachhaltige Innovation in der Praxis Willkommen sind Studierende und Universit\u00e4tsangeh\u00f6rige aus allen Fakult\u00e4ten sowie alle Interessierte mehr Infos Adoption and Diffusion of Innovations for Sustainable Development Wintersemester 2024\/25 Participatory Modelling Participatory Modelling for Mathematical Economics Sommersemester 2024 Meet the Circular Economy \u2013 Nachhaltige Innovation in der Praxis Willkommen sind Studierende und Universit\u00e4tsangeh\u00f6rige aus allen Fakult\u00e4ten sowie alle Interessierten &#8211; mehr Infos Adoption and Diffusion of Innovations for Sustainable Development Wintersemester 2023\/2024 Participatory Modelling Sommersemester 2023 Meet the Circular Economy 2023\u2013 Nachhaltige Innovation in der Praxis Willkommen sind Studierende und Universit\u00e4tsangeh\u00f6rige aus allen Fakult\u00e4ten sowie alle Interessierten &#8211; mehr Infos Adoption and Diffusion of Bio-based Innovations for Sustainable Development Wintersemester 2022\/2023 Participatory Modelling Sommersemester 2022 Meet the Circular Economy 2022 \u2013 Nachhaltige Innovation in der Praxis Willkommen sind Studierende und Universit\u00e4tsangeh\u00f6rige aus allen Fakult\u00e4ten sowie alle Interessierten &#8211; mehr Infos Projektmodul: Wirtschaft Aktuell II &#8211; Das zuk\u00fcnftige Verkehrssystem in Deutschland Wintersemester 2021\/2022 Seminar: Sustainable Development, Circular Economy and the German \u201eEnergiewende\u201c \u2013 Policy Analysis, Regulation and its Relevance for Market Transformations Sommersemester 2021 Projektmodul: Transformation zur Bio\u00f6konomie &#8211; Gestaltung regionaler biobasierter Wertsch\u00f6pfungsnetzwerk<\/p>","protected":false},"author":1,"featured_media":0,"parent":0,"menu_order":0,"comment_status":"closed","ping_status":"closed","template":"","meta":{"_crdt_document":"","footnotes":""},"class_list":["post-96","page","type-page","status-publish","hentry"],"_links":{"self":[{"href":"https:\/\/www.socecon.rwth-aachen.de\/en\/wp-json\/wp\/v2\/pages\/96","targetHints":{"allow":["GET"]}}],"collection":[{"href":"https:\/\/www.socecon.rwth-aachen.de\/en\/wp-json\/wp\/v2\/pages"}],"about":[{"href":"https:\/\/www.socecon.rwth-aachen.de\/en\/wp-json\/wp\/v2\/types\/page"}],"author":[{"embeddable":true,"href":"https:\/\/www.socecon.rwth-aachen.de\/en\/wp-json\/wp\/v2\/users\/1"}],"replies":[{"embeddable":true,"href":"https:\/\/www.socecon.rwth-aachen.de\/en\/wp-json\/wp\/v2\/comments?post=96"}],"version-history":[{"count":34,"href":"https:\/\/www.socecon.rwth-aachen.de\/en\/wp-json\/wp\/v2\/pages\/96\/revisions"}],"predecessor-version":[{"id":1103,"href":"https:\/\/www.socecon.rwth-aachen.de\/en\/wp-json\/wp\/v2\/pages\/96\/revisions\/1103"}],"wp:attachment":[{"href":"https:\/\/www.socecon.rwth-aachen.de\/en\/wp-json\/wp\/v2\/media?parent=96"}],"curies":[{"name":"wp","href":"https:\/\/api.w.org\/{rel}","templated":true}]}}