{"id":955,"date":"2025-02-19T11:26:11","date_gmt":"2025-02-19T10:26:11","guid":{"rendered":"https:\/\/www.socecon.rwth-aachen.de\/?page_id=955"},"modified":"2026-04-28T16:05:57","modified_gmt":"2026-04-28T14:05:57","slug":"meet-the-circular-economy","status":"publish","type":"page","link":"https:\/\/www.socecon.rwth-aachen.de\/en\/lehre\/meet-the-circular-economy\/","title":{"rendered":"Meet the Circular Economy"},"content":{"rendered":"<h1 class=\"wp-block-heading\">Meet the Circular Economy<\/h1>\n\n\n\n<p class=\"wp-block-paragraph\">In view of the ecological stress limits of our planet, the consumption of natural resources is still too high, especially in the industrialized countries. Thus, one of the global sustainability goals is to create a shift toward sustainable production and consumption patterns. The circular economy offers a great opportunity to achieve this goal. Its innovative approaches are already being implemented in companies.<\/p>\n\n\n\n<h3 id=\"inhalt-und-ziel-des-moduls\" class=\"wp-block-heading\"><strong>Content and objective of the module<\/strong><\/h3>\n\n\n\n<p class=\"wp-block-paragraph\">As part of the lecture, we invite companies (global players, medium-sized companies, but also SMEs and start-ups from the region) to discuss innovative sustainability concepts in corporate and product development together with the students. They will hear first-hand about the opportunities and challenges in developing and establishing circular or bio-based processes. The main aim is to look from theory into practice. <strong>Students and university staff from all faculties as well as all those interested are welcome.<\/strong> Unterst\u00fctzt wird die Veranstaltung durch das Center for Circular Economy (CCE) der RWTH, das Bioeconomy Science Center (BioSC) und die Koordinierungsstelle Bio\u00f6konomieREVIER. Im Rahmen der \u00dcbung werden die jeweiligen Themen und Vortr\u00e4ge der Vorlesung in den theoretischen Kontext des Innovations- und Technologiemanagements eingebettet.<\/p>\n\n\n\n<p class=\"wp-block-paragraph\">After a successful completion of the lecture, the students have an overview of current developments in the implementation of innovative sustainability concepts in the economy. They are able to analyze the specific opportunities and challenges in different contexts (e.g. start-ups, substitution of fossil resources in established products, energy- or resource-intensive industries) using methods of innovation and technology management. Furthermore, students are able to reflect on and controversially discuss current trends in the sustainability transformation of the economy.<\/p>\n\n\n\n<p class=\"wp-block-paragraph\">Following the lectures, there is always the possibility of an informal exchange.<\/p>\n\n\n\n<h3 id=\"organisatorischer-ablauf-und-termine\" class=\"wp-block-heading\"><strong>Organizational procedure and dates<\/strong><\/h3>\n\n\n\n<h3 id=\"vortrage\" class=\"wp-block-heading\"><strong>Presentations<\/strong><\/h3>\n\n\n\n<p class=\"wp-block-paragraph\">(Presenting companies will be announced as the semester progresses)<strong> <\/strong><\/p>\n\n\n\n<p class=\"has-medium-font-size wp-block-paragraph\"><strong>Thema: Grundlagen der Kreislaufwirtschaft I<\/strong><\/p>\n\n\n\n<ul class=\"wp-block-list\">\n<li><strong>Covestro<\/strong><\/li>\n\n\n\n<li><strong>WEPA<\/strong><\/li>\n<\/ul>\n\n\n\n<p class=\"wp-block-paragraph\">Dienstag, 28.04.2026 16.15 \u2013 19.15 im MetP11<\/p>\n\n\n\n<p class=\"has-medium-font-size wp-block-paragraph\"><strong><strong>Circular economy as a new business model<\/strong>l<\/strong><\/p>\n\n\n\n<ul class=\"wp-block-list\">\n<li><strong>ThyssenKrupp<\/strong><\/li>\n\n\n\n<li><strong>Sch\u00fcco<\/strong><\/li>\n<\/ul>\n\n\n\n<p class=\"wp-block-paragraph\">Dienstag, 05.05.2026 16.15 \u2013 19.15 im MetP11<\/p>\n\n\n\n<p class=\"has-medium-font-size wp-block-paragraph\"><strong><strong>Start-ups in the circular economy<\/strong><\/strong><\/p>\n\n\n\n<ul class=\"wp-block-list\">\n<li><strong>re.solution<\/strong><\/li>\n<\/ul>\n\n\n\n<p class=\"wp-block-paragraph\">Dienstag, 12.05.2026 16.15 \u2013 19.15 im MetP11<\/p>\n\n\n\n<p class=\"has-medium-font-size wp-block-paragraph\"><strong>Sustainability in construction<\/strong><\/p>\n\n\n\n<ul class=\"wp-block-list\">\n<li><strong>Triple Solar<\/strong><\/li>\n\n\n\n<li><strong>Moringa<\/strong><\/li>\n<\/ul>\n\n\n\n<p class=\"wp-block-paragraph\">Dienstag, 02.06.2026 16.15 \u2013 19.15 im MetP11<\/p>\n\n\n\n<p class=\"has-medium-font-size wp-block-paragraph\"><strong><strong><strong>Grundlagen der Kreislaufwirtschaft II<\/strong><\/strong><\/strong><\/p>\n\n\n\n<ul class=\"wp-block-list\">\n<li><strong>Remondis<\/strong><\/li>\n\n\n\n<li><strong>GEA<\/strong><\/li>\n<\/ul>\n\n\n\n<p class=\"wp-block-paragraph\">Dienstag, 23.06.2026 16.15 \u2013 19.15 im MetP11<\/p>\n\n\n\n<p class=\"has-medium-font-size wp-block-paragraph\"><strong><strong>Nachhaltigkeit<\/strong> in der Mobilit\u00e4t<\/strong><\/p>\n\n\n\n<ul class=\"wp-block-list\">\n<li><strong>Mercedes<\/strong><\/li>\n\n\n\n<li><strong>Discover Airlines<\/strong><\/li>\n<\/ul>\n\n\n\n<p class=\"wp-block-paragraph\">Dienstag, 30.06.2026 16.15 \u2013 19.15 im MetP11<\/p>\n\n\n\n<p class=\"has-medium-font-size wp-block-paragraph\"><strong>Pitch-Tag<\/strong><\/p>\n\n\n\n<p class=\"has-medium-font-size wp-block-paragraph\"><strong>Studierende stellen ihre L\u00f6sungen f\u00fcr die Challenges der Unternehmen vor<\/strong>.<\/p>\n\n\n\n<p class=\"wp-block-paragraph\">Dienstag, 21.07.2025 16.15 \u2013 20.00<\/p>\n\n\n\n<h3 class=\"wp-block-heading\">Kick-off und \u00dcbungen:<\/h3>\n\n\n\n<p class=\"wp-block-paragraph\"><strong>Kick-off<\/strong><br><strong>Informationen zum allgemeinen Ablauf und zur Pr\u00fcfungsleistung<\/strong> (Nur relevant f\u00fcr Studierende die eine Pr\u00fcfungsleistung abhalten wollen):<\/p>\n\n\n\n<ul class=\"wp-block-list\">\n<li>Di. 14.04.2026, 10:30 &#8211; 12:00 Uhr<\/li>\n<\/ul>\n\n\n\n<h3 class=\"wp-block-heading\"><strong>Participation and registration<\/strong><\/h3>\n\n\n\n<p class=\"wp-block-paragraph\">Students and university staff from all faculties as well as all those interested are welcome.<br>Anmeldung zur Veranstaltung: <br>F\u00fcr studierende \u00fcber das Zuweisungstool f\u00fcr Teilnehmerbeschr\u00e4nkte Module.<br>F\u00fcr Interessierte per Mail an <a href=\"mailto:sebastian.lubjuhn@socecon.rwth-aachen.de\">lubjuhn@socecon.rwth-aachen.de<\/a><\/p>\n\n\n\n<div class=\"wp-block-columns is-layout-flex wp-container-core-columns-is-layout-8f761849 wp-block-columns-is-layout-flex\">\n<div class=\"wp-block-column is-layout-flow wp-block-column-is-layout-flow\" style=\"flex-basis:33.33%\"><\/div>\n\n\n\n<div class=\"wp-block-column is-layout-flow wp-block-column-is-layout-flow\" style=\"flex-basis:66.66%\"><\/div>\n<\/div>\n\n\n\n<div class=\"wp-block-group\"><div class=\"wp-block-group__inner-container is-layout-flow wp-block-group-is-layout-flow\">\n<p class=\"wp-block-paragraph\"><strong>Contact person:<\/strong> Prof. Dr. Sandra Venghaus, Sebastian Lubjuhn (exercises)<\/p>\n\n\n\n<p class=\"wp-block-paragraph\">in cooperation with Prof. Dr. Ulrich Schurr (BioSC, IBG-2 Research Center J\u00fclich)<\/p>\n\n\n\n<p class=\"wp-block-paragraph\"><\/p>\n<\/div><\/div>\n\n\n\n<p class=\"wp-block-paragraph\"><\/p>","protected":false},"excerpt":{"rendered":"<p>Meet the Circular Economy Angesichts der \u00f6kologischen Belastungsgrenzen unseres Planeten ist der Verbrauch nat\u00fcrlicher Ressourcen insbesondere in den Industriel\u00e4ndern noch immer zu hoch. Eines der globalen Nachhaltigkeitsziele ist es daher, einen Wandel hin zu nachhaltigen Produktions- und Konsummustern zu schaffen. Die Kreislaufwirtschaft bietet eine gro\u00dfe Chance, dieses Ziel zu erreichen. Ihre innovativen Ans\u00e4tze werden bereits jetzt in Unternehmen umgesetzt. Inhalt und Ziel des Moduls Im Rahmen der Vorlesung laden wir Unternehmen (Global Player, mittelst\u00e4ndische Unternehmen, aber auch KMUs und Start-Ups aus der Region) ein, gemeinsam mit den Studierenden \u00fcber innovative Nachhaltigkeitskonzepte in der Unternehmens- und Produktentwicklung zu diskutieren. Aus erster Hand werden sie \u00fcber die Chancen und Herausforderungen bei der Entwicklung und Etablierung kreislauforientierter bzw. biobasierter Prozesse h\u00f6ren. Dabei geht es vor allem darum, aus der Theorie in die Praxis zu schauen. Willkommen sind Studierende und Universit\u00e4tsangeh\u00f6rige aus allen Fakult\u00e4ten sowie alle Interessierten. Unterst\u00fctzt wird die Veranstaltung durch das Center for Circular Economy (CCE) der RWTH, das Bioeconomy Science Center (BioSC) und die Koordinierungsstelle Bio\u00f6konomieREVIER. Im Rahmen der \u00dcbung werden die jeweiligen Themen und Vortr\u00e4ge der Vorlesung in den theoretischen Kontext des Innovations- und Technologiemanagements eingebettet. Nach erfolgreichem Abschluss der Lehrveranstaltung haben die Studierenden einen \u00dcberblick \u00fcber aktuelle Entwicklungen bei der Umsetzung von innovativen Nachhaltigkeitskonzepten in der Wirtschaft. Sie sind in der Lage, mit Hilfe von Methoden des Innovations- und Technologiemanagements die spezifischen Chancen und Herausforderungen in unterschiedlichen Kontexten (bspw. Unternehmensneugr\u00fcndungen, Substitution fossiler Ressourcen in etablierten Produkten, energie- bzw. ressourcenintensive Industrien) zu analysieren. Dar\u00fcber hinaus sind die Studierenden in der Lage, aktuelle Trends in der Nachhaltigkeitstransformation der Wirtschaft zu reflektieren und kontrovers zu diskutieren. Im Anschluss an die Vorlesungen besteht jeweils die M\u00f6glichkeit zum zwanglosen Austausch. Organisatorischer Ablauf und Termine Vortr\u00e4ge (Die vortragenden Unternehmen werden nach und nach im Laufe des Semesters bekanntgegeben) Thema: Grundlagen der Kreislaufwirtschaft I Dienstag, 28.04.2026&#8230; <\/p>\n<p><a class=\"readmore\" href=\"https:\/\/www.socecon.rwth-aachen.de\/en\/lehre\/meet-the-circular-economy\/\">Continue Reading<\/a><\/p>","protected":false},"author":1,"featured_media":0,"parent":96,"menu_order":0,"comment_status":"closed","ping_status":"closed","template":"","meta":{"_crdt_document":"","footnotes":""},"class_list":["post-955","page","type-page","status-publish","hentry"],"_links":{"self":[{"href":"https:\/\/www.socecon.rwth-aachen.de\/en\/wp-json\/wp\/v2\/pages\/955","targetHints":{"allow":["GET"]}}],"collection":[{"href":"https:\/\/www.socecon.rwth-aachen.de\/en\/wp-json\/wp\/v2\/pages"}],"about":[{"href":"https:\/\/www.socecon.rwth-aachen.de\/en\/wp-json\/wp\/v2\/types\/page"}],"author":[{"embeddable":true,"href":"https:\/\/www.socecon.rwth-aachen.de\/en\/wp-json\/wp\/v2\/users\/1"}],"replies":[{"embeddable":true,"href":"https:\/\/www.socecon.rwth-aachen.de\/en\/wp-json\/wp\/v2\/comments?post=955"}],"version-history":[{"count":21,"href":"https:\/\/www.socecon.rwth-aachen.de\/en\/wp-json\/wp\/v2\/pages\/955\/revisions"}],"predecessor-version":[{"id":1110,"href":"https:\/\/www.socecon.rwth-aachen.de\/en\/wp-json\/wp\/v2\/pages\/955\/revisions\/1110"}],"up":[{"embeddable":true,"href":"https:\/\/www.socecon.rwth-aachen.de\/en\/wp-json\/wp\/v2\/pages\/96"}],"wp:attachment":[{"href":"https:\/\/www.socecon.rwth-aachen.de\/en\/wp-json\/wp\/v2\/media?parent=955"}],"curies":[{"name":"wp","href":"https:\/\/api.w.org\/{rel}","templated":true}]}}