{"id":93,"date":"2021-09-05T18:20:08","date_gmt":"2021-09-05T16:20:08","guid":{"rendered":"http:\/\/localhost\/wordpress\/?page_id=93"},"modified":"2025-07-09T13:03:06","modified_gmt":"2025-07-09T11:03:06","slug":"team","status":"publish","type":"page","link":"https:\/\/www.socecon.rwth-aachen.de\/en\/team\/","title":{"rendered":"Team"},"content":{"rendered":"<h2 class=\"wp-block-heading\" id=\"leitung\">Management<\/h2>\n\n\n\n<div class=\"wp-block-group\"><div class=\"wp-block-group__inner-container is-layout-flow wp-block-group-is-layout-flow\">\n<p class=\"has-small-font-size wp-block-paragraph\"><mark style=\"background-color:rgba(0, 0, 0, 0)\" class=\"has-inline-color has-vivid-cyan-blue-color\">Dr. rer. pol., Professorin<\/mark><br>Sandra Venghaus<\/p>\n\n\n\n<figure class=\"wp-block-image size-large is-resized\"><img loading=\"lazy\" decoding=\"async\" width=\"768\" height=\"1024\" src=\"https:\/\/www.socecon.rwth-aachen.de\/wp-content\/uploads\/2022\/11\/220810-RWTH_Portraits-12716-1920px-2-768x1024.jpg\" alt=\"\" class=\"wp-image-572\" style=\"width:122px;height:162px\" srcset=\"https:\/\/www.socecon.rwth-aachen.de\/wp-content\/uploads\/2022\/11\/220810-RWTH_Portraits-12716-1920px-2-768x1024.jpg 768w, https:\/\/www.socecon.rwth-aachen.de\/wp-content\/uploads\/2022\/11\/220810-RWTH_Portraits-12716-1920px-2-225x300.jpg 225w, https:\/\/www.socecon.rwth-aachen.de\/wp-content\/uploads\/2022\/11\/220810-RWTH_Portraits-12716-1920px-2-1152x1536.jpg 1152w, https:\/\/www.socecon.rwth-aachen.de\/wp-content\/uploads\/2022\/11\/220810-RWTH_Portraits-12716-1920px-2.jpg 1440w\" sizes=\"auto, (max-width: 768px) 100vw, 768px\" \/><\/figure>\n\n\n\n<p class=\"has-small-font-size wp-block-paragraph\">E-Mail: <a href=\"mailto:venghaus@socecon.rwth-aachen.de\">venghaus@socecon.rwth-aachen.de<\/a><br>+49 241 80 90963<br>Raum: B148.1<br>Kackerstra\u00dfe 7<br>52072 Aachen<\/p>\n\n\n\n<hr class=\"wp-block-separator has-css-opacity\"\/>\n\n\n\n<h2 class=\"wp-block-heading\" id=\"wissenschaftliche-mitarbeiter\">Research Associates<\/h2>\n\n\n\n<div class=\"wp-block-group\"><div class=\"wp-block-group__inner-container is-layout-flow wp-block-group-is-layout-flow\">\n<div class=\"wp-block-columns is-layout-flex wp-container-core-columns-is-layout-8f761849 wp-block-columns-is-layout-flex\">\n<div class=\"wp-block-column is-layout-flow wp-block-column-is-layout-flow\">\n<div class=\"wp-block-group\"><div class=\"wp-block-group__inner-container is-layout-flow wp-block-group-is-layout-flow\">\n<p class=\"has-black-color has-text-color has-small-font-size wp-block-paragraph\"><mark style=\"background-color:rgba(0, 0, 0, 0)\" class=\"has-inline-color has-vivid-cyan-blue-color\">M. Sc.<\/mark><br><a href=\"https:\/\/www.socecon.rwth-aachen.de\/en\/team\/wissenschaftliche-mitarbeiter\/ali-torkayesh\/\" data-type=\"URL\" data-id=\"https:\/\/www.socecon.rwth-aachen.de\/team\/wissenschaftliche-mitarbeiter\/ali-torkayesh\/\">Ali E. Torkayesh<\/a><\/p>\n\n\n\n<figure class=\"wp-block-image size-large is-resized\"><img loading=\"lazy\" decoding=\"async\" width=\"683\" height=\"1024\" src=\"https:\/\/www.socecon.rwth-aachen.de\/wp-content\/uploads\/2023\/02\/Portraet-122-683x1024.jpg\" alt=\"\" class=\"wp-image-610\" style=\"width:107px;height:159px\" srcset=\"https:\/\/www.socecon.rwth-aachen.de\/wp-content\/uploads\/2023\/02\/Portraet-122-683x1024.jpg 683w, https:\/\/www.socecon.rwth-aachen.de\/wp-content\/uploads\/2023\/02\/Portraet-122-200x300.jpg 200w, https:\/\/www.socecon.rwth-aachen.de\/wp-content\/uploads\/2023\/02\/Portraet-122-768x1152.jpg 768w, https:\/\/www.socecon.rwth-aachen.de\/wp-content\/uploads\/2023\/02\/Portraet-122-1024x1536.jpg 1024w, https:\/\/www.socecon.rwth-aachen.de\/wp-content\/uploads\/2023\/02\/Portraet-122-1365x2048.jpg 1365w, https:\/\/www.socecon.rwth-aachen.de\/wp-content\/uploads\/2023\/02\/Portraet-122.jpg 1417w\" sizes=\"auto, (max-width: 683px) 100vw, 683px\" \/><\/figure>\n\n\n\n<p class=\"has-small-font-size wp-block-paragraph\">E-Mail: <a href=\"mailto:ali.torkayesh@socecon.rwth-aachen.de\">ali.torkayesh@socecon.rwth-aachen.de<\/a><br>Raum: B136<br>Kackertstra\u00dfe 7<br>52072 Aachen<br><\/p>\n<\/div><\/div>\n<\/div>\n\n\n\n<div class=\"wp-block-column is-layout-flow wp-block-column-is-layout-flow\">\n<div class=\"wp-block-group\"><div class=\"wp-block-group__inner-container is-layout-flow wp-block-group-is-layout-flow\">\n<p class=\"has-black-color has-text-color has-small-font-size wp-block-paragraph\"><mark style=\"background-color:rgba(0, 0, 0, 0)\" class=\"has-inline-color has-vivid-cyan-blue-color\">M. Sc. RWTH<\/mark><br><a href=\"https:\/\/www.socecon.rwth-aachen.de\/en\/team\/wissenschaftliche-mitarbeiter\/sebastian-lubjuhn\/\" data-type=\"URL\" data-id=\"https:\/\/www.socecon.rwth-aachen.de\/team\/wissenschaftliche-mitarbeiter\/sebastian-lubjuhn\/\">Sebastian Lubjuhn<\/a><\/p>\n\n\n\n<figure class=\"wp-block-image size-full is-resized\"><img loading=\"lazy\" decoding=\"async\" width=\"708\" height=\"906\" src=\"https:\/\/www.socecon.rwth-aachen.de\/wp-content\/uploads\/2022\/02\/Foto_Lubjuhn2.jpg\" alt=\"\" class=\"wp-image-420\" style=\"width:123px;height:157px\" srcset=\"https:\/\/www.socecon.rwth-aachen.de\/wp-content\/uploads\/2022\/02\/Foto_Lubjuhn2.jpg 708w, https:\/\/www.socecon.rwth-aachen.de\/wp-content\/uploads\/2022\/02\/Foto_Lubjuhn2-234x300.jpg 234w\" sizes=\"auto, (max-width: 708px) 100vw, 708px\" \/><\/figure>\n<\/div><\/div>\n\n\n\n<p class=\"has-small-font-size wp-block-paragraph\">E-Mail: <a href=\"mailto:sebastian.lubjuhn@socecon.rwth-aachen.de\">sebastian.lubjuhn@socecon.rwth-aachen.de<\/a><br>Raum: B136<br>Kackertstra\u00dfe 7<br>52072 Aachen<\/p>\n<\/div>\n<\/div>\n<\/div><\/div>\n\n\n\n<div class=\"wp-block-columns is-layout-flex wp-container-core-columns-is-layout-8f761849 wp-block-columns-is-layout-flex\">\n<div class=\"wp-block-column is-layout-flow wp-block-column-is-layout-flow\">\n<p class=\"has-black-color has-text-color has-small-font-size wp-block-paragraph\"><mark style=\"background-color:rgba(0, 0, 0, 0)\" class=\"has-inline-color has-vivid-cyan-blue-color\">M. A.<\/mark><br><a href=\"https:\/\/www.socecon.rwth-aachen.de\/en\/team\/wissenschaftliche-mitarbeiter\/rega-sota\/\" data-type=\"URL\" data-id=\"https:\/\/www.socecon.rwth-aachen.de\/team\/wissenschaftliche-mitarbeiter\/rega-sota\/\">Rega Sota<\/a><\/p>\n\n\n\n<figure class=\"wp-block-image size-large is-resized\"><img loading=\"lazy\" decoding=\"async\" width=\"949\" height=\"1024\" src=\"http:\/\/www.socecon.rwth-aachen.de\/wp-content\/uploads\/2022\/08\/SurbhiBharadwaj_Rega-Sota-53-of-56-1-scaled-e1659446068315-949x1024.jpg\" alt=\"\" class=\"wp-image-533\" style=\"width:139px;height:150px\" srcset=\"https:\/\/www.socecon.rwth-aachen.de\/wp-content\/uploads\/2022\/08\/SurbhiBharadwaj_Rega-Sota-53-of-56-1-scaled-e1659446068315-949x1024.jpg 949w, https:\/\/www.socecon.rwth-aachen.de\/wp-content\/uploads\/2022\/08\/SurbhiBharadwaj_Rega-Sota-53-of-56-1-scaled-e1659446068315-278x300.jpg 278w, https:\/\/www.socecon.rwth-aachen.de\/wp-content\/uploads\/2022\/08\/SurbhiBharadwaj_Rega-Sota-53-of-56-1-scaled-e1659446068315-768x828.jpg 768w, https:\/\/www.socecon.rwth-aachen.de\/wp-content\/uploads\/2022\/08\/SurbhiBharadwaj_Rega-Sota-53-of-56-1-scaled-e1659446068315.jpg 1399w\" sizes=\"auto, (max-width: 949px) 100vw, 949px\" \/><\/figure>\n\n\n\n<p class=\"has-small-font-size wp-block-paragraph\">E-Mail: <a href=\"mailto:rega.sota@socecon.rwth-aachen.de\" data-type=\"mailto\" data-id=\"mailto:rega.sota@socecon.rwth-aachen.de\">rega.sota@socecon.rwth-aachen.de<\/a><br>Raum: B137<br>Kackertstra\u00dfe 7<br>52072 Aachen<br><\/p>\n<\/div>\n\n\n\n<div class=\"wp-block-column is-layout-flow wp-block-column-is-layout-flow\">\n<p class=\"has-black-color has-text-color has-small-font-size wp-block-paragraph\"><mark style=\"background-color:rgba(0, 0, 0, 0)\" class=\"has-inline-color has-vivid-cyan-blue-color\">M. Sc.<\/mark><br><a href=\"https:\/\/www.socecon.rwth-aachen.de\/en\/team\/wissenschaftliche-mitarbeiter\/ir-nadiyatur-rahmatikal-wasiah-s-t-m-t\/\" data-type=\"URL\" data-id=\"https:\/\/www.socecon.rwth-aachen.de\/team\/wissenschaftliche-mitarbeiter\/ir-nadiyatur-rahmatikal-wasiah-s-t-m-t\/\">Ir. Nadiyatur Rahmatikal Wasi\u2019ah<\/a><\/p>\n\n\n\n<figure class=\"wp-block-image size-large is-resized\"><img loading=\"lazy\" decoding=\"async\" width=\"874\" height=\"1024\" src=\"http:\/\/www.socecon.rwth-aachen.de\/wp-content\/uploads\/2025\/01\/4635-874x1024.png\" alt=\"\" class=\"wp-image-924\" style=\"width:139px;height:150px\" srcset=\"https:\/\/www.socecon.rwth-aachen.de\/wp-content\/uploads\/2025\/01\/4635-874x1024.png 874w, https:\/\/www.socecon.rwth-aachen.de\/wp-content\/uploads\/2025\/01\/4635-256x300.png 256w, https:\/\/www.socecon.rwth-aachen.de\/wp-content\/uploads\/2025\/01\/4635-768x899.png 768w, https:\/\/www.socecon.rwth-aachen.de\/wp-content\/uploads\/2025\/01\/4635-1312x1536.png 1312w, https:\/\/www.socecon.rwth-aachen.de\/wp-content\/uploads\/2025\/01\/4635-10x12.png 10w, https:\/\/www.socecon.rwth-aachen.de\/wp-content\/uploads\/2025\/01\/4635.png 1315w\" sizes=\"auto, (max-width: 874px) 100vw, 874px\" \/><\/figure>\n\n\n\n<p class=\"has-small-font-size wp-block-paragraph\">E-Mail: <a href=\"mailto:sebastian.lubjuhn@socecon.rwth-aachen.de\"><\/a><a href=\"mailto:ali.torkayesh@socecon.rwth-aachen.de\"><\/a><a href=\"mailto:wasiah@socecon.rwth-aachen.de\">wasiah@socecon.rwth-aachen.de<\/a><br>Raum: B140<br>Kackertstra\u00dfe 7<br>52072 Aachen<\/p>\n<\/div>\n<\/div>\n<\/div><\/div>\n\n\n\n<hr class=\"wp-block-separator has-css-opacity\"\/>\n\n\n\n<h2 class=\"wp-block-heading\" id=\"wissenschaftliche-mitarbeiter\">Student Assistants<\/h2>\n\n\n\n<div class=\"wp-block-group\"><div class=\"wp-block-group__inner-container is-layout-flow wp-block-group-is-layout-flow\">\n<div class=\"wp-block-columns is-layout-flex wp-container-core-columns-is-layout-8f761849 wp-block-columns-is-layout-flex\">\n<div class=\"wp-block-column is-layout-flow wp-block-column-is-layout-flow\">\n<div class=\"wp-block-group\"><div class=\"wp-block-group__inner-container is-layout-flow wp-block-group-is-layout-flow\">\n<p class=\"has-black-color has-text-color has-small-font-size wp-block-paragraph\">Sheher Bano<\/p>\n\n\n\n<figure class=\"wp-block-image size-full is-resized\"><img loading=\"lazy\" decoding=\"async\" width=\"215\" height=\"161\" src=\"https:\/\/www.socecon.rwth-aachen.de\/wp-content\/uploads\/2025\/05\/official-edited.png\" alt=\"\" class=\"wp-image-1007\" style=\"aspect-ratio:0.7543859649122807;width:125px;height:auto\" srcset=\"https:\/\/www.socecon.rwth-aachen.de\/wp-content\/uploads\/2025\/05\/official-edited.png 215w, https:\/\/www.socecon.rwth-aachen.de\/wp-content\/uploads\/2025\/05\/official-edited-16x12.png 16w\" sizes=\"auto, (max-width: 215px) 100vw, 215px\" \/><\/figure>\n<\/div><\/div>\n<\/div>\n\n\n\n<div class=\"wp-block-column is-layout-flow wp-block-column-is-layout-flow\">\n<div class=\"wp-block-group\"><div class=\"wp-block-group__inner-container is-layout-flow wp-block-group-is-layout-flow\">\n<p class=\"has-black-color has-text-color has-small-font-size wp-block-paragraph\"><\/p>\n<\/div><\/div>\n<\/div>\n<\/div>\n<\/div><\/div>\n\n\n\n<hr class=\"wp-block-separator has-alpha-channel-opacity\"\/>\n\n\n\n<h2 class=\"wp-block-heading\" id=\"sekretariat\">Secretariat<\/h2>\n\n\n\n<div class=\"wp-block-columns is-layout-flex wp-container-core-columns-is-layout-8f761849 wp-block-columns-is-layout-flex\">\n<div class=\"wp-block-column is-layout-flow wp-block-column-is-layout-flow\">\n<div class=\"wp-block-group\"><div class=\"wp-block-group__inner-container is-layout-flow wp-block-group-is-layout-flow\">\n<p class=\"wp-block-paragraph\">Heika Straeten<\/p>\n<\/div><\/div>\n\n\n\n<figure class=\"wp-block-image size-large is-resized\"><img loading=\"lazy\" decoding=\"async\" width=\"1024\" height=\"680\" src=\"https:\/\/www.socecon.rwth-aachen.de\/wp-content\/uploads\/2022\/01\/Foto_Heika-1024x680.jpg\" alt=\"\" class=\"wp-image-312\" style=\"width:202px;height:133px\" srcset=\"https:\/\/www.socecon.rwth-aachen.de\/wp-content\/uploads\/2022\/01\/Foto_Heika-1024x680.jpg 1024w, https:\/\/www.socecon.rwth-aachen.de\/wp-content\/uploads\/2022\/01\/Foto_Heika-300x199.jpg 300w, https:\/\/www.socecon.rwth-aachen.de\/wp-content\/uploads\/2022\/01\/Foto_Heika-768x510.jpg 768w, https:\/\/www.socecon.rwth-aachen.de\/wp-content\/uploads\/2022\/01\/Foto_Heika-1536x1020.jpg 1536w, https:\/\/www.socecon.rwth-aachen.de\/wp-content\/uploads\/2022\/01\/Foto_Heika-2048x1360.jpg 2048w\" sizes=\"auto, (max-width: 1024px) 100vw, 1024px\" \/><\/figure>\n\n\n\n<p class=\"has-small-font-size wp-block-paragraph\">E-Mail: <a href=\"mailto:sekretariat@om.rwth-aachen.de\">sekretariat@socecon.rwth-aachen.de<\/a><br>+49 241 80 23830<br>Raum: 158<br>Kackertstr. 7<br>52072 Aachen<\/p>\n<\/div>\n\n\n\n<div class=\"wp-block-column is-layout-flow wp-block-column-is-layout-flow\"><\/div>\n<\/div>\n\n\n\n<hr class=\"wp-block-separator has-alpha-channel-opacity\"\/>\n\n\n\n<h2 class=\"wp-block-heading\" id=\"sekretariat\">Mental Health Officer<\/h2>\n\n\n\n<p class=\"has-black-color has-text-color has-small-font-size wp-block-paragraph\">Kalle<\/p>\n\n\n\n<figure class=\"wp-block-image size-large is-resized\"><img loading=\"lazy\" decoding=\"async\" width=\"768\" height=\"1024\" src=\"https:\/\/www.socecon.rwth-aachen.de\/wp-content\/uploads\/2024\/08\/feelgoodmanager-768x1024.png\" alt=\"\" class=\"wp-image-877\" style=\"width:129px;height:171px\" srcset=\"https:\/\/www.socecon.rwth-aachen.de\/wp-content\/uploads\/2024\/08\/feelgoodmanager-768x1024.png 768w, https:\/\/www.socecon.rwth-aachen.de\/wp-content\/uploads\/2024\/08\/feelgoodmanager-225x300.png 225w, https:\/\/www.socecon.rwth-aachen.de\/wp-content\/uploads\/2024\/08\/feelgoodmanager-1152x1536.png 1152w, https:\/\/www.socecon.rwth-aachen.de\/wp-content\/uploads\/2024\/08\/feelgoodmanager-9x12.png 9w, https:\/\/www.socecon.rwth-aachen.de\/wp-content\/uploads\/2024\/08\/feelgoodmanager.png 1200w\" sizes=\"auto, (max-width: 768px) 100vw, 768px\" \/><\/figure>\n\n\n\n<div class=\"wp-block-columns is-layout-flex wp-container-core-columns-is-layout-8f761849 wp-block-columns-is-layout-flex\">\n<div class=\"wp-block-column is-layout-flow wp-block-column-is-layout-flow\"><\/div>\n\n\n\n<div class=\"wp-block-column is-layout-flow wp-block-column-is-layout-flow\"><\/div>\n<\/div>","protected":false},"excerpt":{"rendered":"<p>Leitung Dr. rer. pol., ProfessorinSandra Venghaus E-Mail: venghaus@socecon.rwth-aachen.de+49 241 80 90963Raum: B148.1Kackerstra\u00dfe 752072 Aachen Wissenschaftliche Mitarbeiter M. Sc.Ali E. Torkayesh E-Mail: ali.torkayesh@socecon.rwth-aachen.deRaum: B136Kackertstra\u00dfe 752072 Aachen M. Sc. RWTHSebastian Lubjuhn E-Mail: sebastian.lubjuhn@socecon.rwth-aachen.deRaum: B136Kackertstra\u00dfe 752072 Aachen M. A.Rega Sota E-Mail: rega.sota@socecon.rwth-aachen.deRaum: B137Kackertstra\u00dfe 752072 Aachen M. Sc.Ir. Nadiyatur Rahmatikal Wasi\u2019ah E-Mail: wasiah@socecon.rwth-aachen.deRaum: B140Kackertstra\u00dfe 752072 Aachen Studentische Hilfskr\u00e4fte Sheher Bano Sekretariat Heika Straeten E-Mail: sekretariat@socecon.rwth-aachen.de+49 241 80 23830Raum: 158Kackertstr. 752072 Aachen Mental Health Officer Kalle<\/p>","protected":false},"author":1,"featured_media":0,"parent":0,"menu_order":0,"comment_status":"closed","ping_status":"closed","template":"","meta":{"_crdt_document":"","footnotes":""},"class_list":["post-93","page","type-page","status-publish","hentry"],"_links":{"self":[{"href":"https:\/\/www.socecon.rwth-aachen.de\/en\/wp-json\/wp\/v2\/pages\/93","targetHints":{"allow":["GET"]}}],"collection":[{"href":"https:\/\/www.socecon.rwth-aachen.de\/en\/wp-json\/wp\/v2\/pages"}],"about":[{"href":"https:\/\/www.socecon.rwth-aachen.de\/en\/wp-json\/wp\/v2\/types\/page"}],"author":[{"embeddable":true,"href":"https:\/\/www.socecon.rwth-aachen.de\/en\/wp-json\/wp\/v2\/users\/1"}],"replies":[{"embeddable":true,"href":"https:\/\/www.socecon.rwth-aachen.de\/en\/wp-json\/wp\/v2\/comments?post=93"}],"version-history":[{"count":46,"href":"https:\/\/www.socecon.rwth-aachen.de\/en\/wp-json\/wp\/v2\/pages\/93\/revisions"}],"predecessor-version":[{"id":1024,"href":"https:\/\/www.socecon.rwth-aachen.de\/en\/wp-json\/wp\/v2\/pages\/93\/revisions\/1024"}],"wp:attachment":[{"href":"https:\/\/www.socecon.rwth-aachen.de\/en\/wp-json\/wp\/v2\/media?parent=93"}],"curies":[{"name":"wp","href":"https:\/\/api.w.org\/{rel}","templated":true}]}}