{"id":86,"date":"2021-09-05T17:50:35","date_gmt":"2021-09-05T15:50:35","guid":{"rendered":"http:\/\/localhost\/wordpress\/?page_id=86"},"modified":"2025-01-20T16:10:26","modified_gmt":"2025-01-20T15:10:26","slug":"impressum","status":"publish","type":"page","link":"https:\/\/www.socecon.rwth-aachen.de\/en\/impressum\/","title":{"rendered":"Impressum"},"content":{"rendered":"<div id=\"content\">\n<div id=\"page-content\">\n<div id=\"fullscreen\" class=\"impressum\">\n<h1>Impressum<\/h1>\n<p>Prof. Dr. Sandra Venghaus<\/p>\n<p>RWTH Aachen University<br \/>\nJuniorprofessur Decision Analysis and Socio-economic Assessment<br \/>\nKackertstra\u00dfe 7<br \/>\n52072 Aachen<br \/>\nTel.: \u00a0<span class=\"value\">+49 241 80 90963<\/span><br \/>\nE-Mail: <a href=\"mailto:venghaus@socecon.rwth-aachen.de\"><span class=\"value\">venghaus@socecon.rwth-aachen.de<\/span><\/a><br \/>\nInternetadresse: www.socecon.rwth-aachen.de<\/p>\n<p>Technischer Webmaster und V.i.S.d.P.\/MDStV\/TDG:<\/p>\n<p>N.N.<\/p>\n<p>RWTH Aachen University<br \/>\nJuniorprofessur Decision Analysis and Socio-economic Assessment<br \/>\nKackertstra\u00dfe 7<br \/>\n52072 Aachen<br \/>\nTel.: +49 241 80 23830<br \/>\nFax: +49 241 80-623830<br \/>\nE-Mail: <a href=\"mailto:sekretariat@socecon.rwth-aachen.de\">sekretariat@socecon.rwth-aachen.de<\/a><\/p>\n<p><a name=\"disclaimer\"><\/a><\/p>\n<h3>Bilder<\/h3>\n<p>Der Fotograf des Bildes von Prof. Sandra Venghaus ist Martin Braun Fotografie.<\/p>\n<h3>Disclaimer<\/h3>\n<p>Insofar as the Data Protection Act of North Rhine-Westphalia (DSG NRW) is applicable to the processing of data entered by you, we will take this into account accordingly. RWTH Aachen University has appointed a competent and reliable data protection officer.<\/p>\n<h3>Collection and processing of personal data<\/h3>\n<p>In principle, you can use our online offer without disclosing your identity. By sending us the information (which you disclose within contact fields), you agree that this information may be used for our own business purposes (sending the requested materials\/information, processing for advertising and market research purposes), unless you have objected to this possibility. Once you have given your consent, you can revoke it at any time with effect for the future.<\/p>\n<p>Each time the contents of this website are accessed, the following data is processed for statistical purposes, whereby the individual user remains anonymous:<\/p>\n<ul>\n<li>Name of the requested file<\/li>\n<li>Date and time of retrieval<\/li>\n<li>Data volume transferred<\/li>\n<li>IP address<\/li>\n<\/ul>\n<p>A transfer to third parties, for commercial or non-commercial purposes, explicitly does not take place.<\/p>\n<h3>Liability for own contents<\/h3>\n<p>The RWTH makes every effort to ensure that the material contained in its web site is current, complete and correct. Nevertheless, the occurrence of errors cannot be completely ruled out.<br \/>\nAs a service provider, we are responsible for our own content on these pages in accordance with general laws pursuant to \u00a7 7 I TMG. The RWTH does not accept liability for the relevance, accuracy or completeness of the information and material offered in its web site unless the mistake occurred intentionally or through gross negligence. This refers to any material or non-material damage to third parties caused by the use of this website.<\/p>\n<h3>Liability for links (third-party content)<\/h3>\n<p>Von diesen eigenen Inhalten sind Querverweise (&#8222;Links&#8220;) auf die von anderen Anbietern bereitgehaltenen Inhalte zu unterscheiden. Auf deren Inhalt haben wir keinen Einfluss; f\u00fcr die Inhalte der verlinkten Seiten ist stets der jeweilige Anbieter oder Betreiber der Seiten verantwortlich.<\/p>\n<h3>Copyright<\/h3>\n<p>The layout of the homepage, the graphics and pictures used, the collection as well as individual contributions are protected by copyright.<br \/>\nRWTH Aachen University reserves all rights including the rights of photomechanical reproduction, the duplication and distribution via special processes (e.g. data processing, data carriers, data networks).<\/p>\n<h3>Questions about data protection<\/h3>\n<p>If you have any questions regarding the processing of your personal data, you can directly contact our\u00a0<a href=\"mailto:dsb@rwth-aachen.de\">Data Protection Officer,<\/a>\u00a0who is also available with his team in case of requests for information, applications or complaints.<\/p>\n<h3>Legal validity<\/h3>\n<p>This disclaimer is part of the RWTH Aachen University website. If individual formulations or parts of this text no longer comply or no longer fully comply with the applicable legal situation, this shall not affect the remaining parts of this declaration.<\/p>\n<\/div>\n<\/div>\n<\/div>","protected":false},"excerpt":{"rendered":"<p>Impressum Prof. Dr. Sandra Venghaus RWTH Aachen University Juniorprofessur Decision Analysis and Socio-economic Assessment Kackertstra\u00dfe 7 52072 Aachen Tel.: \u00a0+49 241 80 90963 E-Mail: venghaus@socecon.rwth-aachen.de Internetadresse: www.socecon.rwth-aachen.de Technischer Webmaster und V.i.S.d.P.\/MDStV\/TDG: N.N. RWTH Aachen University Juniorprofessur Decision Analysis and Socio-economic Assessment Kackertstra\u00dfe 7 52072 Aachen Tel.: +49 241 80 23830 Fax: +49 241 80-623830 E-Mail: sekretariat@socecon.rwth-aachen.de Bilder Der Fotograf des Bildes von Prof. Sandra Venghaus ist Martin Braun Fotografie. Disclaimer Soweit f\u00fcr die Verarbeitung von Ihnen eingegebener Daten das Datenschutzgesetz Nordrhein-Westfalen (DSG NRW) anzuwenden ist, wird dies von uns entsprechend ber\u00fccksichtigt. Die RWTH Aachen hat einen fachkundigen und zuverl\u00e4ssigen Datenschutzbeauftragten bestellt. Erhebung und Verarbeitung pers\u00f6nlicher Daten Sie k\u00f6nnen unser Online-Angebot grunds\u00e4tzlich ohne Offenlegung Ihrer Identit\u00e4t nutzen. Sie erkl\u00e4ren sich mit der Absendung der Informationen (die Sie innerhalb von Kontaktfeldern preisgeben) an uns damit einverstanden, dass diese zu eigenen gesch\u00e4ftlichen Zwecken (Versand der angeforderten Materialien\/Informationen, Verarbeitung zu Werbe- und Marktforschungszwecken) genutzt werden k\u00f6nnen, sofern Sie dieser M\u00f6glichkeit nicht widersprochen haben. Ihre einmal erteilte Einwilligung k\u00f6nnen Sie jederzeit mit Wirkung f\u00fcr die Zukunft bei uns widerrufen. Bei jedem Zugriff auf die Inhalte dieses Internetangebots werden folgende Daten zu statistischen Zwecken verarbeitet, wobei der einzelne Benutzer hierbei anonym bleibt: Name der angefragten Datei Datum und Uhrzeit des Abrufs \u00fcbertragene Datenmenge IP-Adresse Eine Weitergabe an Dritte, zu kommerziellen oder nicht-kommerziellen Zwecken, findet ausdr\u00fccklich nicht statt. Haftung f\u00fcr eigene Inhalte Die RWTH ist bem\u00fcht, ihr Webangebot stets aktuell und inhaltlich richtig sowie vollst\u00e4ndig anzubieten. Dennoch ist das Auftreten von Fehlern nicht v\u00f6llig auszuschlie\u00dfen. Als Diensteanbieter sind wir gem. \u00a7 7 I TMG f\u00fcr eigene Inhalte auf diesen Seiten nach den allgemeinen Gesetzen verantwortlich. Die RWTH \u00fcbernimmt keine Haftung f\u00fcr die Aktualit\u00e4t, die inhaltliche Richtigkeit sowie f\u00fcr die Vollst\u00e4ndigkeit der in ihrem Webangebot eingestellten Informationen, es sei denn die Fehler wurden vors\u00e4tzlich oder grob fahrl\u00e4ssig aufgenommen&#8230;. <\/p>\n<p><a class=\"readmore\" href=\"https:\/\/www.socecon.rwth-aachen.de\/en\/impressum\/\">Continue Reading<\/a><\/p>","protected":false},"author":1,"featured_media":0,"parent":0,"menu_order":0,"comment_status":"closed","ping_status":"closed","template":"","meta":{"_crdt_document":"","footnotes":""},"class_list":["post-86","page","type-page","status-publish","hentry"],"_links":{"self":[{"href":"https:\/\/www.socecon.rwth-aachen.de\/en\/wp-json\/wp\/v2\/pages\/86","targetHints":{"allow":["GET"]}}],"collection":[{"href":"https:\/\/www.socecon.rwth-aachen.de\/en\/wp-json\/wp\/v2\/pages"}],"about":[{"href":"https:\/\/www.socecon.rwth-aachen.de\/en\/wp-json\/wp\/v2\/types\/page"}],"author":[{"embeddable":true,"href":"https:\/\/www.socecon.rwth-aachen.de\/en\/wp-json\/wp\/v2\/users\/1"}],"replies":[{"embeddable":true,"href":"https:\/\/www.socecon.rwth-aachen.de\/en\/wp-json\/wp\/v2\/comments?post=86"}],"version-history":[{"count":4,"href":"https:\/\/www.socecon.rwth-aachen.de\/en\/wp-json\/wp\/v2\/pages\/86\/revisions"}],"predecessor-version":[{"id":934,"href":"https:\/\/www.socecon.rwth-aachen.de\/en\/wp-json\/wp\/v2\/pages\/86\/revisions\/934"}],"wp:attachment":[{"href":"https:\/\/www.socecon.rwth-aachen.de\/en\/wp-json\/wp\/v2\/media?parent=86"}],"curies":[{"name":"wp","href":"https:\/\/api.w.org\/{rel}","templated":true}]}}