{"id":777,"date":"2024-01-04T16:26:21","date_gmt":"2024-01-04T15:26:21","guid":{"rendered":"https:\/\/www.socecon.rwth-aachen.de\/?page_id=777"},"modified":"2024-01-04T17:48:33","modified_gmt":"2024-01-04T16:48:33","slug":"ablauf","status":"publish","type":"page","link":"https:\/\/www.socecon.rwth-aachen.de\/en\/lehre\/abschlussarbeiten\/ablauf\/","title":{"rendered":"Thesis Process"},"content":{"rendered":"<h2 class=\"wp-block-heading\"><strong>Thesis Process<\/strong><\/h2>\n\n\n\n<figure class=\"wp-block-image size-full\"><img loading=\"lazy\" decoding=\"async\" width=\"945\" height=\"532\" src=\"https:\/\/www.socecon.rwth-aachen.de\/wp-content\/uploads\/2024\/01\/image.png\" alt=\"\" class=\"wp-image-778\" srcset=\"https:\/\/www.socecon.rwth-aachen.de\/wp-content\/uploads\/2024\/01\/image.png 945w, https:\/\/www.socecon.rwth-aachen.de\/wp-content\/uploads\/2024\/01\/image-300x169.png 300w, https:\/\/www.socecon.rwth-aachen.de\/wp-content\/uploads\/2024\/01\/image-768x432.png 768w, https:\/\/www.socecon.rwth-aachen.de\/wp-content\/uploads\/2024\/01\/image-18x10.png 18w\" sizes=\"auto, (max-width: 945px) 100vw, 945px\" \/><figcaption class=\"wp-element-caption\"><a href=\"https:\/\/www.socecon.rwth-aachen.de\/en\/thesis-process\/\" data-type=\"link\" data-id=\"https:\/\/www.socecon.rwth-aachen.de\/thesis-process\/\">klick here to translate the picture<\/a><\/figcaption><\/figure>\n\n\n\n<h4 class=\"wp-block-heading\"><strong>Find a topic:<\/strong><\/h4>\n\n\n\n<p class=\"wp-block-paragraph\">Choosing your master's thesis topic is crucial. You should choose a research field or a problem that is relevant and interesting to you. Your chosen topic should match your interests and expertise so that you are motivated and committed to working on it. Remember that choosing the right topic lays the foundation for a successful master's thesis. We have a variety of thesis topics on our <a href=\"https:\/\/www.socecon.rwth-aachen.de\/en\/lehre\/abschlussarbeiten\/\">homepage.<\/a>However, you are very welcome to give us your own suggestions for thesis topics.<\/p>\n\n\n\n<h4 class=\"wp-block-heading\"><strong>Thesis Pitch:<\/strong><\/h4>\n\n\n\n<p class=\"wp-block-paragraph\">The Thesis Pitch is a short presentation that takes place about a week after you start your thesis. In this presentation, you should clearly state the goal of your thesis. This involves explaining the problem the thesis addresses and its contribution to research. It should explain why the chosen topic is interesting and how it fits your personal motivation. It could also already address the chosen research method or approach.<\/p>\n\n\n\n<h4 class=\"wp-block-heading\"><strong>Creating a schedule for the workflow:<\/strong><\/h4>\n\n\n\n<p class=\"wp-block-paragraph\">A schedule provides an overview of the thesis's planned stages and helps organize the work efficiently. This plan should list the various steps in writing the thesis and when these intermediate goals are to be achieved. These can be, for example, literature research, data collection, analysis, or programming. For the supervision and your own time management, it can be helpful to indicate how much time you will take for the thesis in the individual phases. Your submission goal, i.e. the deadline for the final submission of the thesis, should also be specified.<\/p>\n\n\n\n<p class=\"wp-block-paragraph\">The schedule can and should be adjusted and updated as needed during the thesis writing process.<\/p>\n\n\n\n<h4 class=\"wp-block-heading\"><strong>Getting an A:<\/strong><\/h4>\n\n\n\n<p class=\"wp-block-paragraph\">Write a short running text or bullet points about what you think is expected of you to get a top grade.<\/p>\n\n\n\n<p class=\"wp-block-paragraph\">This helps you and us to clarify mutual expectations early on.<\/p>\n\n\n\n<h4 class=\"wp-block-heading\"><strong>Regular Supervision Appointments:<\/strong><\/h4>\n\n\n\n<p class=\"wp-block-paragraph\">Regular supervision appointments are important during the writing process. This is an opportunity for the student to discuss with their supervisor, ask questions, get feedback, and discuss progress. Appointments will take place by appointment.<\/p>\n\n\n\n<h4 class=\"wp-block-heading\"><strong>Mid-term presentation:<\/strong><\/h4>\n\n\n\n<p class=\"wp-block-paragraph\">The interim status talk, which lasts approximately 15-20 minutes, provides an opportunity to present the progress of the work. Here, the student should provide information on the status of their research, present initial results or findings, and discuss potential challenges or changes in the research approach. This presentation is optional (not part of the final grade) and allows the supervisor and other interested parties to provide feedback and suggest any adjustments.<\/p>\n\n\n\n<h4 class=\"wp-block-heading\"><strong>Master's Thesis Submission:<\/strong><\/h4>\n\n\n\n<p class=\"wp-block-paragraph\">The submission of the master's thesis marks the completion of the research and writing process. Prior to submission, students should ensure that all requirements set forth by the university or faculty have been met. This includes not only the actual text of the thesis, but also any required appendices, data backup and provision, source lists, statements of independence, and other formal aspects.\n\nTemplates for theses can be found here.<\/p>\n\n\n\n<h4 class=\"wp-block-heading\"><strong>Colloquium:<\/strong><\/h4>\n\n\n\n<p class=\"wp-block-paragraph\">The duration of the final presentation and defence of your thesis varies depending on the examination regulations.<\/p>","protected":false},"excerpt":{"rendered":"<p>Ablauf f\u00fcr Abschlussarbeiten Thema finden: Die Wahl deines Masterarbeitsthemas ist von entscheidender Bedeutung. Du solltest ein Forschungsfeld oder ein Problem ausw\u00e4hlen, das f\u00fcr dich relevant und interessant ist. Das gew\u00e4hlte Thema sollte zu deinen pers\u00f6nlichen Interessen und Fachkenntnissen passen, damit du motiviert und engagiert an der Bearbeitung arbeiten kannst. Denke daran, dass die Wahl des richtigen Themas den Grundstein f\u00fcr eine erfolgreiche Masterarbeit legt. Auf unserer Homepage haben wir eine Vielzahl von Abschlussarbeitsthemen. Du kannst uns aber gerne deine eigenen Vorschl\u00e4ge f\u00fcr Abschlussarbeitsthemen machen. Thesis Pitch: Der Thesis Pitch ist eine kurze Pr\u00e4sentation, die etwa eine Woche nach Beginn der Arbeit stattfindet. In dieser Pr\u00e4sentation solltest Du das Ziel deiner Arbeit klar darstellen. Dabei geht es darum zu erkl\u00e4ren, welches Problem die Arbeit adressiert und welchen Beitrag sie zur Forschung leisten soll. Es sollte erl\u00e4utert werden, warum das gew\u00e4hlte Thema interessant ist und wie es zu deiner pers\u00f6nlichen Motivation passt. Es k\u00f6nnte auch bereits die gew\u00e4hlte Forschungsmethode oder Herangehensweise angesprochen werden. Erstellen eines Ablaufplans: Ein Ablaufplan gibt einen \u00dcberblick \u00fcber die geplanten Phasen der Abschlussarbeit und hilft dabei, die Arbeit effizient zu organisieren. In diesem Plan sollten die verschiedenen Schritte beim Schreiben der Abschlussarbeit aufgef\u00fchrt sein und wann diese Zwischenziele erreicht werden sollen. Diese k\u00f6nnen beispielsweise Literaturrecherche, Datenerhebung, Analyse oder Programmieren sein. F\u00fcr die Betreuung und dein eigenes Zeitmanagement kann es hilfreich sein mit anzugeben wie viel Zeit Du dir f\u00fcr die Abschlussarbeit in den einzelnen Phasen nimmst. Dein Abgabeziel, also der Termin f\u00fcr die finale Abgabe der Arbeit, sollte ebenfalls festgelegt werden. Der Ablaufplan kann auch w\u00e4hrend dem Erstellen der Arbeit je nach Bedarf angepasst werden. Getting an A: Schreibe einen kurzen Text oder Stichpunkte, was du glaubst was von Dir erwartet wird, um eine Bestnote zu bekommen. Dies hilft Dir und uns, um gegenseitige Erwartungen fr\u00fchzeitig zu kl\u00e4ren&#8230;. <\/p>\n<p><a class=\"readmore\" href=\"https:\/\/www.socecon.rwth-aachen.de\/en\/lehre\/abschlussarbeiten\/ablauf\/\">Continue Reading<\/a><\/p>","protected":false},"author":1,"featured_media":0,"parent":193,"menu_order":0,"comment_status":"closed","ping_status":"closed","template":"","meta":{"_crdt_document":"","footnotes":""},"class_list":["post-777","page","type-page","status-publish","hentry"],"_links":{"self":[{"href":"https:\/\/www.socecon.rwth-aachen.de\/en\/wp-json\/wp\/v2\/pages\/777","targetHints":{"allow":["GET"]}}],"collection":[{"href":"https:\/\/www.socecon.rwth-aachen.de\/en\/wp-json\/wp\/v2\/pages"}],"about":[{"href":"https:\/\/www.socecon.rwth-aachen.de\/en\/wp-json\/wp\/v2\/types\/page"}],"author":[{"embeddable":true,"href":"https:\/\/www.socecon.rwth-aachen.de\/en\/wp-json\/wp\/v2\/users\/1"}],"replies":[{"embeddable":true,"href":"https:\/\/www.socecon.rwth-aachen.de\/en\/wp-json\/wp\/v2\/comments?post=777"}],"version-history":[{"count":6,"href":"https:\/\/www.socecon.rwth-aachen.de\/en\/wp-json\/wp\/v2\/pages\/777\/revisions"}],"predecessor-version":[{"id":802,"href":"https:\/\/www.socecon.rwth-aachen.de\/en\/wp-json\/wp\/v2\/pages\/777\/revisions\/802"}],"up":[{"embeddable":true,"href":"https:\/\/www.socecon.rwth-aachen.de\/en\/wp-json\/wp\/v2\/pages\/193"}],"wp:attachment":[{"href":"https:\/\/www.socecon.rwth-aachen.de\/en\/wp-json\/wp\/v2\/media?parent=777"}],"curies":[{"name":"wp","href":"https:\/\/api.w.org\/{rel}","templated":true}]}}