{"id":53,"date":"2021-09-02T18:57:27","date_gmt":"2021-09-02T16:57:27","guid":{"rendered":"http:\/\/localhost\/wordpress\/?page_id=53"},"modified":"2025-09-26T10:22:52","modified_gmt":"2025-09-26T08:22:52","slug":"startseite","status":"publish","type":"page","link":"https:\/\/www.socecon.rwth-aachen.de\/en\/","title":{"rendered":"Main page"},"content":{"rendered":"<div class=\"wp-block-columns is-layout-flex wp-container-core-columns-is-layout-8f761849 wp-block-columns-is-layout-flex\">\n<div class=\"wp-block-column is-layout-flow wp-block-column-is-layout-flow\" style=\"flex-basis:100%\">\n<div class=\"wp-block-columns are-vertically-aligned-top is-layout-flex wp-container-core-columns-is-layout-8f761849 wp-block-columns-is-layout-flex\">\n<div class=\"wp-block-column is-vertically-aligned-top is-layout-flow wp-block-column-is-layout-flow\" style=\"flex-basis:66.66%\">\n<h2 class=\"wp-block-heading\" id=\"juniorprofessur-fur-decision-analysis-and-socio-economic-assessment\">Lehr- und Forschungsgebiet f\u00fcr Decision Analysis and Socio-Economic Assessment<\/h2>\n\n\n\n<p class=\"wp-block-paragraph\">Willkommen auf den Seiten des Lehr- und Forschungsgebiets f\u00fcr Decision Analysis and Socio-Economic Assessment der Fakult\u00e4t f\u00fcr Wirtschaftswissenschaften der RWTH Aachen!<\/p>\n\n\n\n<p class=\"wp-block-paragraph\">On the following pages you will find an overview of our research and teaching.<\/p>\n<\/div>\n\n\n\n<div class=\"wp-block-column is-layout-flow wp-block-column-is-layout-flow\"><\/div>\n\n\n\n<div class=\"wp-block-column is-layout-flow wp-block-column-is-layout-flow\"><\/div>\n\n\n\n<div class=\"wp-block-column is-vertically-aligned-top is-layout-flow wp-block-column-is-layout-flow\" style=\"flex-basis:33.33%\">\n<h3 class=\"wp-block-heading\" id=\"aktuelles\"><strong>Current<\/strong><\/h3>\n\n\n\n<p class=\"wp-block-paragraph\">Ali E. Torkayesh was awarded the best poster presentation award (2nd place) at Hydrogen Futures: Inspiring Researchers and Innovators in Clean Energy Conference held at BMBF, Bonn, Germany!<\/p>\n\n\n<div class=\"wp-block-image\">\n<figure class=\"aligncenter size-large is-resized\"><a href=\"https:\/\/www.socecon.rwth-aachen.de\/wp-content\/uploads\/2025\/09\/Poster-Award-scaled.jpg\"><img loading=\"lazy\" decoding=\"async\" width=\"713\" height=\"1024\" src=\"https:\/\/www.socecon.rwth-aachen.de\/wp-content\/uploads\/2025\/09\/Poster-Award-713x1024.jpg\" alt=\"\" class=\"wp-image-1056\" style=\"width:148px;height:auto\" srcset=\"https:\/\/www.socecon.rwth-aachen.de\/wp-content\/uploads\/2025\/09\/Poster-Award-713x1024.jpg 713w, https:\/\/www.socecon.rwth-aachen.de\/wp-content\/uploads\/2025\/09\/Poster-Award-209x300.jpg 209w, https:\/\/www.socecon.rwth-aachen.de\/wp-content\/uploads\/2025\/09\/Poster-Award-768x1104.jpg 768w, https:\/\/www.socecon.rwth-aachen.de\/wp-content\/uploads\/2025\/09\/Poster-Award-1069x1536.jpg 1069w, https:\/\/www.socecon.rwth-aachen.de\/wp-content\/uploads\/2025\/09\/Poster-Award-1425x2048.jpg 1425w, https:\/\/www.socecon.rwth-aachen.de\/wp-content\/uploads\/2025\/09\/Poster-Award-8x12.jpg 8w, https:\/\/www.socecon.rwth-aachen.de\/wp-content\/uploads\/2025\/09\/Poster-Award-scaled.jpg 1782w\" sizes=\"auto, (max-width: 713px) 100vw, 713px\" \/><\/a><\/figure>\n<\/div>\n\n\n<hr class=\"wp-block-separator has-alpha-channel-opacity\"\/>\n\n\n\n<p class=\"wp-block-paragraph\">Wir sind jetzt <strong>Lehr- und Forschungsgebiet<\/strong>!<\/p>\n\n\n\n<hr class=\"wp-block-separator has-alpha-channel-opacity\"\/>\n\n\n\n<p class=\"wp-block-paragraph\">Prof. Sandra Venghaus receives the Teaching Award of the School of Business and Economics!<\/p>\n\n\n\n<p class=\"has-text-align-center wp-block-paragraph\"><img loading=\"lazy\" decoding=\"async\" width=\"150\" height=\"200\" class=\"wp-image-882\" style=\"width: 150px;\" src=\"http:\/\/www.socecon.rwth-aachen.de\/wp-content\/uploads\/2024\/11\/IMG_7732-scaled.jpg\" alt=\"Prof. Sandra Venghaus bekommt den Lehrpreis der Fakult\u00e4t f\u00fcr Wirtschaftswissenschaften verliehen.\" srcset=\"https:\/\/www.socecon.rwth-aachen.de\/wp-content\/uploads\/2024\/11\/IMG_7732-scaled.jpg 1920w, https:\/\/www.socecon.rwth-aachen.de\/wp-content\/uploads\/2024\/11\/IMG_7732-225x300.jpg 225w, https:\/\/www.socecon.rwth-aachen.de\/wp-content\/uploads\/2024\/11\/IMG_7732-768x1024.jpg 768w, https:\/\/www.socecon.rwth-aachen.de\/wp-content\/uploads\/2024\/11\/IMG_7732-1152x1536.jpg 1152w, https:\/\/www.socecon.rwth-aachen.de\/wp-content\/uploads\/2024\/11\/IMG_7732-1536x2048.jpg 1536w, https:\/\/www.socecon.rwth-aachen.de\/wp-content\/uploads\/2024\/11\/IMG_7732-9x12.jpg 9w\" sizes=\"auto, (max-width: 150px) 100vw, 150px\" \/><\/p>\n\n\n\n<hr class=\"wp-block-separator has-alpha-channel-opacity\"\/>\n\n\n\n<p class=\"wp-block-paragraph\"><a href=\"https:\/\/www.socecon.rwth-aachen.de\/en\/lehre\/meet-the-circular-economy\/\" data-type=\"link\" data-id=\"https:\/\/www.socecon.rwth-aachen.de\/lehre\/meet-the-circular-economy\/\">Meet the Circular Economy<\/a> geht in die vierte Runde!<\/p>\n\n\n\n<hr class=\"wp-block-separator has-alpha-channel-opacity\"\/>\n\n\n\n<p class=\"wp-block-paragraph\">Exciting insights from the <strong>SustainabilityScienceSummit!<\/strong> We had the honor of co-chairing a session on &#8222;Knowing Better, Doing Better: Stocktaking of the UNAgenda2030&#8220;, exploring challenges and opportunities in achieving the SDGs.<\/p>\n\n\n\n<hr class=\"wp-block-separator has-css-opacity\"\/>\n\n\n\n<div class=\"wp-block-group\"><div class=\"wp-block-group__inner-container is-layout-flow wp-block-group-is-layout-flow\">\n<h5 class=\"wp-block-heading\" id=\"aktuelle-publikationen\"><strong>Current publications<\/strong><\/h5>\n\n\n\n<p class=\"wp-block-paragraph\"><strong>Featured Article:<\/strong><br>Torkayesh, A. E., Hendiani, S., Walther, G., &amp; Venghaus, S. (2024). Fueling the future: Overcoming the barriers to market development of renewable fuels in Germany using a novel analytical approach.&nbsp;<em>European Journal of Operational Research<\/em>. <a href=\"https:\/\/doi.org\/10.1016\/j.ejor.2024.02.039\">https:\/\/doi.org\/10.1016\/j.ejor.2024.02.039 <\/a><a href=\"javascript:\"><img decoding=\"async\" identifier=\"10.1016\/j.ejor.2024.02.039\" identifiertype=\"1\" title=\"Add to Citavi project by DOI\" existsinproject=\"0\" class=\"citavipicker\" style=\"border: 0px none!important;width: 16px!important;height: 16px!important;margin-left:1px !important;margin-right:1px !important;\" src=\"data:image\/svg+xml;base64,PD94bWwgdmVyc2lvbj0iMS4wIiBlbmNvZGluZz0idXRmLTgiPz48IURPQ1RZUEUgc3ZnIFBVQkxJQyAiLS8vVzNDLy9EVEQgU1ZHIDEuMS8vRU4iICJodHRwOi8vd3d3LnczLm9yZy9HcmFwaGljcy9TVkcvMS4xL0RURC9zdmcxMS5kdGQiPjxzdmcgdmVyc2lvbj0iMS4xIiBpZD0iRWJlbmVfMSIgeG1sbnM9Imh0dHA6Ly93d3cudzMub3JnLzIwMDAvc3ZnIiB4bWxuczp4bGluaz0iaHR0cDovL3d3dy53My5vcmcvMTk5OS94bGluayIgeD0iMHB4IiB5PSIwcHgiIHdpZHRoPSIxNnB4IiBoZWlnaHQ9IjE2cHgiIHZpZXdCb3g9IjAgMCAxNiAxNiIgZW5hYmxlLWJhY2tncm91bmQ9Im5ldyAwIDAgMTYgMTYiIHhtbDpzcGFjZT0icHJlc2VydmUiPjxnPjxnPjxwYXRoIGZpbGw9IiNGRkZGRkYiIGQ9Ik04LjAwMSwxNS41QzMuODY0LDE1LjUsMC41LDEyLjEzNiwwLjUsOGMwLTQuMTM1LDMuMzY1LTcuNSw3LjUwMS03LjVTMTUuNSwzLjg2NCwxNS41LDhTMTIuMTM3LDE1LjUsOC4wMDEsMTUuNXoiLz48cGF0aCBmaWxsPSIjRDUyQjFFIiBkPSJNOC4wMDEsMUMxMS44NiwxLDE1LDQuMTQxLDE1LDhzLTMuMTM5LDctNi45OTksN0M0LjE0LDE1LDEsMTEuODU5LDEsOFM0LjE0LDEsOC4wMDEsMSBNOC4wMDEsMEMzLjU4MiwwLDAsMy41ODIsMCw4czMuNTgyLDgsOC4wMDEsOEMxMi40MTgsMTYsMTYsMTIuNDE4LDE2LDhTMTIuNDE4LDAsOC4wMDEsMEw4LjAwMSwweiIvPjwvZz48cGF0aCBmaWxsPSIjRDUyQjFFIiBkPSJNNi43NDUsMTIuNTg5Yy0wLjIyNywwLjEyMi0wLjQ5NywwLjI0Ny0wLjY4NCwwLjI0N2MtMC4zMTgsMC0wLjUwMS0wLjE2NC0wLjUwMS0wLjQ1MmMwLTAuMjA3LDAuMTQtMC4zNzUsMC41OTUtMC42MjJjMS41NDktMC45MDQsMi41OTQtMi4yNzIsMi41OTQtMy43MjFjMC0wLjgyNS0wLjIyNy0xLjExOS0wLjY4MS0xLjExOWMtMC4xMzUsMC0wLjMyLDAuMjE5LTAuNjM2LDAuMjE5SDcuMTU3QzYuMTAyLDcuMTQzLDUuMzMzLDYuMjY0LDUuMzMzLDUuMjNjMC0xLjE1MiwwLjk1OC0yLjAwNiwyLjI4LTIuMDA2YzEuNzc3LDAsMy4wNTMsMS4zNzMsMy4wNTMsMy40M0MxMC42NjYsOS4yMTUsOS4yMDMsMTEuMjcsNi43NDUsMTIuNTg5Ii8+PC9nPjwvc3ZnPg\"><\/a><\/p>\n\n\n\n<p class=\"wp-block-paragraph\">Lubjuhn, S., &amp;&nbsp;Venghaus, S.&nbsp;Unlocking the potential of the bioeconomy for climate change reduction: The optimal use of lignocellulosic biomass in Germany.&nbsp;<em>Journal of Industrial Ecology<\/em>.&nbsp;<a href=\"https:\/\/doi.org\/10.1111\/jiec.13455\">https:\/\/doi.org\/10.1111\/jiec.13455 <\/a><a href=\"javascript:\"><img decoding=\"async\" identifier=\"10.1111\/jiec.13455\" identifiertype=\"1\" title=\"Add to Citavi project by DOI\" existsinproject=\"0\" class=\"citavipicker\" style=\"border: 0px none!important;width: 16px!important;height: 16px!important;margin-left:1px !important;margin-right:1px !important;\" src=\"data:image\/svg+xml;base64,PD94bWwgdmVyc2lvbj0iMS4wIiBlbmNvZGluZz0idXRmLTgiPz48IURPQ1RZUEUgc3ZnIFBVQkxJQyAiLS8vVzNDLy9EVEQgU1ZHIDEuMS8vRU4iICJodHRwOi8vd3d3LnczLm9yZy9HcmFwaGljcy9TVkcvMS4xL0RURC9zdmcxMS5kdGQiPjxzdmcgdmVyc2lvbj0iMS4xIiBpZD0iRWJlbmVfMSIgeG1sbnM9Imh0dHA6Ly93d3cudzMub3JnLzIwMDAvc3ZnIiB4bWxuczp4bGluaz0iaHR0cDovL3d3dy53My5vcmcvMTk5OS94bGluayIgeD0iMHB4IiB5PSIwcHgiIHdpZHRoPSIxNnB4IiBoZWlnaHQ9IjE2cHgiIHZpZXdCb3g9IjAgMCAxNiAxNiIgZW5hYmxlLWJhY2tncm91bmQ9Im5ldyAwIDAgMTYgMTYiIHhtbDpzcGFjZT0icHJlc2VydmUiPjxnPjxnPjxwYXRoIGZpbGw9IiNGRkZGRkYiIGQ9Ik04LjAwMSwxNS41QzMuODY0LDE1LjUsMC41LDEyLjEzNiwwLjUsOGMwLTQuMTM1LDMuMzY1LTcuNSw3LjUwMS03LjVTMTUuNSwzLjg2NCwxNS41LDhTMTIuMTM3LDE1LjUsOC4wMDEsMTUuNXoiLz48cGF0aCBmaWxsPSIjRDUyQjFFIiBkPSJNOC4wMDEsMUMxMS44NiwxLDE1LDQuMTQxLDE1LDhzLTMuMTM5LDctNi45OTksN0M0LjE0LDE1LDEsMTEuODU5LDEsOFM0LjE0LDEsOC4wMDEsMSBNOC4wMDEsMEMzLjU4MiwwLDAsMy41ODIsMCw4czMuNTgyLDgsOC4wMDEsOEMxMi40MTgsMTYsMTYsMTIuNDE4LDE2LDhTMTIuNDE4LDAsOC4wMDEsMEw4LjAwMSwweiIvPjwvZz48cGF0aCBmaWxsPSIjRDUyQjFFIiBkPSJNNi43NDUsMTIuNTg5Yy0wLjIyNywwLjEyMi0wLjQ5NywwLjI0Ny0wLjY4NCwwLjI0N2MtMC4zMTgsMC0wLjUwMS0wLjE2NC0wLjUwMS0wLjQ1MmMwLTAuMjA3LDAuMTQtMC4zNzUsMC41OTUtMC42MjJjMS41NDktMC45MDQsMi41OTQtMi4yNzIsMi41OTQtMy43MjFjMC0wLjgyNS0wLjIyNy0xLjExOS0wLjY4MS0xLjExOWMtMC4xMzUsMC0wLjMyLDAuMjE5LTAuNjM2LDAuMjE5SDcuMTU3QzYuMTAyLDcuMTQzLDUuMzMzLDYuMjY0LDUuMzMzLDUuMjNjMC0xLjE1MiwwLjk1OC0yLjAwNiwyLjI4LTIuMDA2YzEuNzc3LDAsMy4wNTMsMS4zNzMsMy4wNTMsMy40M0MxMC42NjYsOS4yMTUsOS4yMDMsMTEuMjcsNi43NDUsMTIuNTg5Ii8+PC9nPjwvc3ZnPg\"><\/a><\/p>\n\n\n\n<p class=\"wp-block-paragraph\">Siekmann, F., Schl\u00f6r, H. &amp; Venghaus, S. Linking sustainability and the Fourth Industrial Revolution: a monitoring framework accounting for technological development.&nbsp;<em>Energ Sustain Soc<\/em>&nbsp;<strong>13<\/strong>, 26 (2023). https:\/\/doi.org\/10.1186\/s13705-023-00405-4 <span><a href=\"javascript:\"><img decoding=\"async\" identifier=\"10.1186\/s13705-023-00405-4\" identifiertype=\"1\" title=\"Add to Citavi project by DOI\" existsinproject=\"0\" class=\"citavipicker\" style=\"border: 0px none!important;width: 16px!important;height: 16px!important;margin-left:1px !important;margin-right:1px !important;\" src=\"data:image\/svg+xml;base64,PD94bWwgdmVyc2lvbj0iMS4wIiBlbmNvZGluZz0idXRmLTgiPz48IURPQ1RZUEUgc3ZnIFBVQkxJQyAiLS8vVzNDLy9EVEQgU1ZHIDEuMS8vRU4iICJodHRwOi8vd3d3LnczLm9yZy9HcmFwaGljcy9TVkcvMS4xL0RURC9zdmcxMS5kdGQiPjxzdmcgdmVyc2lvbj0iMS4xIiBpZD0iRWJlbmVfMSIgeG1sbnM9Imh0dHA6Ly93d3cudzMub3JnLzIwMDAvc3ZnIiB4bWxuczp4bGluaz0iaHR0cDovL3d3dy53My5vcmcvMTk5OS94bGluayIgeD0iMHB4IiB5PSIwcHgiIHdpZHRoPSIxNnB4IiBoZWlnaHQ9IjE2cHgiIHZpZXdCb3g9IjAgMCAxNiAxNiIgZW5hYmxlLWJhY2tncm91bmQ9Im5ldyAwIDAgMTYgMTYiIHhtbDpzcGFjZT0icHJlc2VydmUiPjxnPjxnPjxwYXRoIGZpbGw9IiNGRkZGRkYiIGQ9Ik04LjAwMSwxNS41QzMuODY0LDE1LjUsMC41LDEyLjEzNiwwLjUsOGMwLTQuMTM1LDMuMzY1LTcuNSw3LjUwMS03LjVTMTUuNSwzLjg2NCwxNS41LDhTMTIuMTM3LDE1LjUsOC4wMDEsMTUuNXoiLz48cGF0aCBmaWxsPSIjRDUyQjFFIiBkPSJNOC4wMDEsMUMxMS44NiwxLDE1LDQuMTQxLDE1LDhzLTMuMTM5LDctNi45OTksN0M0LjE0LDE1LDEsMTEuODU5LDEsOFM0LjE0LDEsOC4wMDEsMSBNOC4wMDEsMEMzLjU4MiwwLDAsMy41ODIsMCw4czMuNTgyLDgsOC4wMDEsOEMxMi40MTgsMTYsMTYsMTIuNDE4LDE2LDhTMTIuNDE4LDAsOC4wMDEsMEw4LjAwMSwweiIvPjwvZz48cGF0aCBmaWxsPSIjRDUyQjFFIiBkPSJNNi43NDUsMTIuNTg5Yy0wLjIyNywwLjEyMi0wLjQ5NywwLjI0Ny0wLjY4NCwwLjI0N2MtMC4zMTgsMC0wLjUwMS0wLjE2NC0wLjUwMS0wLjQ1MmMwLTAuMjA3LDAuMTQtMC4zNzUsMC41OTUtMC42MjJjMS41NDktMC45MDQsMi41OTQtMi4yNzIsMi41OTQtMy43MjFjMC0wLjgyNS0wLjIyNy0xLjExOS0wLjY4MS0xLjExOWMtMC4xMzUsMC0wLjMyLDAuMjE5LTAuNjM2LDAuMjE5SDcuMTU3QzYuMTAyLDcuMTQzLDUuMzMzLDYuMjY0LDUuMzMzLDUuMjNjMC0xLjE1MiwwLjk1OC0yLjAwNiwyLjI4LTIuMDA2YzEuNzc3LDAsMy4wNTMsMS4zNzMsMy4wNTMsMy40M0MxMC42NjYsOS4yMTUsOS4yMDMsMTEuMjcsNi43NDUsMTIuNTg5Ii8+PC9nPjwvc3ZnPg\"><\/a><\/span><\/p>\n<\/div><\/div>\n\n\n\n<p class=\"wp-block-paragraph\"><a href=\"https:\/\/www.socecon.rwth-aachen.de\/en\/forschung\/publikationen\/\" data-type=\"URL\" data-id=\"https:\/\/www.socecon.rwth-aachen.de\/forschung\/publikationen\/\">further publications<\/a><\/p>\n<\/div>\n<\/div>\n\n\n\n<p class=\"wp-block-paragraph\"><\/p>\n<\/div>\n<\/div>","protected":false},"excerpt":{"rendered":"<p>Lehr- und Forschungsgebiet f\u00fcr Decision Analysis and Socio-Economic Assessment Willkommen auf den Seiten des Lehr- und Forschungsgebiets f\u00fcr Decision Analysis and Socio-Economic Assessment der Fakult\u00e4t f\u00fcr Wirtschaftswissenschaften der RWTH Aachen! Auf den folgenden Seiten finden Sie einen \u00dcberblick \u00fcber unsere Forschung und Lehre. Aktuelles Ali E. Torkayesh was awarded the best poster presentation award (2nd place) at Hydrogen Futures: Inspiring Researchers and Innovators in Clean Energy Conference held at BMBF, Bonn, Germany! Wir sind jetzt Lehr- und Forschungsgebiet! Prof. Sandra Venghaus bekommt den Lehrpreis der Fakult\u00e4t f\u00fcr Wirtschaftswissenschaften verliehen! Meet the Circular Economy geht in die vierte Runde! Exciting insights from the SustainabilityScienceSummit! We had the honor of co-chairing a session on &#8222;Knowing Better, Doing Better: Stocktaking of the UNAgenda2030&#8220;, exploring challenges and opportunities in achieving the SDGs. Aktuelle Publikationen Featured Article:Torkayesh, A. E., Hendiani, S., Walther, G., &amp; Venghaus, S. (2024). Fueling the future: Overcoming the barriers to market development of renewable fuels in Germany using a novel analytical approach.&nbsp;European Journal of Operational Research. https:\/\/doi.org\/10.1016\/j.ejor.2024.02.039 Lubjuhn, S., &amp;&nbsp;Venghaus, S.&nbsp;Unlocking the potential of the bioeconomy for climate change reduction: The optimal use of lignocellulosic biomass in Germany.&nbsp;Journal of Industrial Ecology.&nbsp;https:\/\/doi.org\/10.1111\/jiec.13455 Siekmann, F., Schl\u00f6r, H. &amp; Venghaus, S. Linking sustainability and the Fourth Industrial Revolution: a monitoring framework accounting for technological development.&nbsp;Energ Sustain Soc&nbsp;13, 26 (2023). https:\/\/doi.org\/10.1186\/s13705-023-00405-4 weitere Publikationen<\/p>","protected":false},"author":1,"featured_media":0,"parent":0,"menu_order":0,"comment_status":"closed","ping_status":"closed","template":"","meta":{"_crdt_document":"","footnotes":""},"class_list":["post-53","page","type-page","status-publish","hentry"],"_links":{"self":[{"href":"https:\/\/www.socecon.rwth-aachen.de\/en\/wp-json\/wp\/v2\/pages\/53","targetHints":{"allow":["GET"]}}],"collection":[{"href":"https:\/\/www.socecon.rwth-aachen.de\/en\/wp-json\/wp\/v2\/pages"}],"about":[{"href":"https:\/\/www.socecon.rwth-aachen.de\/en\/wp-json\/wp\/v2\/types\/page"}],"author":[{"embeddable":true,"href":"https:\/\/www.socecon.rwth-aachen.de\/en\/wp-json\/wp\/v2\/users\/1"}],"replies":[{"embeddable":true,"href":"https:\/\/www.socecon.rwth-aachen.de\/en\/wp-json\/wp\/v2\/comments?post=53"}],"version-history":[{"count":45,"href":"https:\/\/www.socecon.rwth-aachen.de\/en\/wp-json\/wp\/v2\/pages\/53\/revisions"}],"predecessor-version":[{"id":1058,"href":"https:\/\/www.socecon.rwth-aachen.de\/en\/wp-json\/wp\/v2\/pages\/53\/revisions\/1058"}],"wp:attachment":[{"href":"https:\/\/www.socecon.rwth-aachen.de\/en\/wp-json\/wp\/v2\/media?parent=53"}],"curies":[{"name":"wp","href":"https:\/\/api.w.org\/{rel}","templated":true}]}}