{"id":335,"date":"2022-01-27T16:32:24","date_gmt":"2022-01-27T15:32:24","guid":{"rendered":"https:\/\/www.socecon.rwth-aachen.de\/?page_id=335"},"modified":"2025-06-18T15:33:00","modified_gmt":"2025-06-18T13:33:00","slug":"iek-ste","status":"publish","type":"page","link":"https:\/\/www.socecon.rwth-aachen.de\/en\/forschung\/iek-ste\/","title":{"rendered":"\u00d6konomie der Nachhaltigkeit und Bio\u00f6konomie (ICE-2)"},"content":{"rendered":"<h3 class=\"wp-block-heading\">Institute of Climate and Energy Systems (ICE)<br>J\u00fclicher Systemanalyse (ICE-2)<\/h3>\n\n\n\n<p class=\"wp-block-paragraph\">Leitung der Abteilung &#8222;\u00d6konomie der Nachhaltigkeit und Bio\u00f6konomie&#8220; am Forschungszentrum J\u00fclich (<a href=\"https:\/\/www.fz-juelich.de\/de\/ice\/ice-2\/ice2-forschung\/oekonomie-der-nachhaltigkeit-und-biooekonomie\" target=\"_blank\" rel=\"noreferrer noopener\">https:\/\/www.fz-juelich.de\/de\/ice\/ice-2\/ice2-forschung\/oekonomie-der-nachhaltigkeit-und-biooekonomie<\/a>)<\/p>","protected":false},"excerpt":{"rendered":"<p>Institute of Climate and Energy Systems (ICE)J\u00fclicher Systemanalyse (ICE-2) Leitung der Abteilung &#8222;\u00d6konomie der Nachhaltigkeit und Bio\u00f6konomie&#8220; am Forschungszentrum J\u00fclich (https:\/\/www.fz-juelich.de\/de\/ice\/ice-2\/ice2-forschung\/oekonomie-der-nachhaltigkeit-und-biooekonomie)<\/p>","protected":false},"author":1,"featured_media":0,"parent":24,"menu_order":0,"comment_status":"closed","ping_status":"closed","template":"","meta":{"_crdt_document":"","footnotes":""},"class_list":["post-335","page","type-page","status-publish","hentry"],"_links":{"self":[{"href":"https:\/\/www.socecon.rwth-aachen.de\/en\/wp-json\/wp\/v2\/pages\/335","targetHints":{"allow":["GET"]}}],"collection":[{"href":"https:\/\/www.socecon.rwth-aachen.de\/en\/wp-json\/wp\/v2\/pages"}],"about":[{"href":"https:\/\/www.socecon.rwth-aachen.de\/en\/wp-json\/wp\/v2\/types\/page"}],"author":[{"embeddable":true,"href":"https:\/\/www.socecon.rwth-aachen.de\/en\/wp-json\/wp\/v2\/users\/1"}],"replies":[{"embeddable":true,"href":"https:\/\/www.socecon.rwth-aachen.de\/en\/wp-json\/wp\/v2\/comments?post=335"}],"version-history":[{"count":4,"href":"https:\/\/www.socecon.rwth-aachen.de\/en\/wp-json\/wp\/v2\/pages\/335\/revisions"}],"predecessor-version":[{"id":1020,"href":"https:\/\/www.socecon.rwth-aachen.de\/en\/wp-json\/wp\/v2\/pages\/335\/revisions\/1020"}],"up":[{"embeddable":true,"href":"https:\/\/www.socecon.rwth-aachen.de\/en\/wp-json\/wp\/v2\/pages\/24"}],"wp:attachment":[{"href":"https:\/\/www.socecon.rwth-aachen.de\/en\/wp-json\/wp\/v2\/media?parent=335"}],"curies":[{"name":"wp","href":"https:\/\/api.w.org\/{rel}","templated":true}]}}