{"id":325,"date":"2022-01-27T15:40:32","date_gmt":"2022-01-27T14:40:32","guid":{"rendered":"https:\/\/www.socecon.rwth-aachen.de\/?page_id=325"},"modified":"2022-03-24T17:10:53","modified_gmt":"2022-03-24T16:10:53","slug":"transform2bio","status":"publish","type":"page","link":"https:\/\/www.socecon.rwth-aachen.de\/en\/forschung\/transform2bio\/","title":{"rendered":"Transform2Bio"},"content":{"rendered":"<h3 class=\"wp-block-heading\" id=\"biosc-kompetenzplattform-transform2bio-integrierte-transformationsprozesse-und-deren-regionale-implementierung-strukturwandel-von-fossiler-okonomie-zur-biookonomie\"><strong>BioSC Competence Platform Transform2Bio: Integrated Transformation Processes and their Regional Implementation - Structural Change from Fossil Economy to Bioeconomy<\/strong><\/h3>\n\n\n\n<p class=\"wp-block-paragraph\"><strong>Description<\/strong><br>The goal of the sustainable bioeconomy is to ensure the well-being of present and future generations without exceeding the ecological limits of the Earth. To achieve this, fundamental transformations of existing resource systems, value networks, business models, infrastructures and governance systems are required. The recent decision by the German government to phase out coal is initiating a structural transformation in the Rhenish lignite mining area that offers a unique opportunity to analyze socio-technical dynamics and shape regional implementation options towards a regionally cohesive sustainable bioeconomy. To achieve this, the goal of Transform2Bio is to systematically identify transformation pathways. These transformation pathways must be simultaneously (a) desirable (from a sustainability perspective), (b) possible (from a techno-economic perspective), and (c) acceptable (from a stakeholder consensus perspective). In addition, as part of the multidimensional approach, an interactive stakeholder network, the Stakes2Bio Lab, will be established.<\/p>\n\n\n\n<p class=\"wp-block-paragraph\"><strong>Runtime<\/strong><br>September 2019 \u2013 August 2022<br><br><strong>Funding<\/strong><br>FOCUS FUND within the framework of the NRW strategy project BioSC - Phase2: Focus.<br>Ministry of Culture and Science of the State of North Rhine-Westphalia<br><br><strong>Project partner<\/strong><br>RWTH Aachen - Chair of Operation Management<br>University of Bonn - Institute of Food and Resource Economics (ILR) \/ Center for Development Research (ZEF)<br>Forschungszentrum J\u00fclich \u2013 IBG-2<\/p>\n\n\n\n<p class=\"wp-block-paragraph\"><strong>Project Manager<\/strong><br>Prof. Dr. rer. pol. Sandra Venghaus<\/p>\n\n\n\n<p class=\"wp-block-paragraph\"><strong>Results<\/strong><br>TBA<br><br><strong>Contact<\/strong><br>Prof. Dr. rer. pol. Sandra Venghaus<br>Forschungszentrum J\u00fclich<br>Institute for Energy and Climate Research<br>IEK-STE: Systemforschung und Technologische Entwicklung<br>e-mail: <a href=\"mailto:s.venghaus@fz-juelich.de\">s.venghaus@fz-juelich.de<\/a><br><br><strong>Project website<\/strong><br><a href=\"http:\/\/www.biosc.de\/transform2bio\" target=\"_blank\" rel=\"noreferrer noopener\">http:\/\/www.biosc.de\/transform2bio<\/a><\/p>","protected":false},"excerpt":{"rendered":"<p>BioSC Kompetenzplattform Transform2Bio: Integrierte Transformationsprozesse und deren regionale Implementierung \u2013 Strukturwandel von fossiler \u00d6konomie zur Bio\u00f6konomie BeschreibungZiel der nachhaltigen Bio\u00f6konomie ist es, das Wohlergehen heutiger und zuk\u00fcnftiger Generationen zu sichern, ohne die \u00f6kologischen Grenzen der Erde zu \u00fcberschreiten. Um dies zu erreichen, sind grundlegende Transformationen bestehender Ressourcen-Systeme, Wertsch\u00f6pfungsnetzwerke, Gesch\u00e4ftsmodelle, Infrastrukturen und Governance-Systeme erforderlich. Durch die j\u00fcngste Entscheidung der Bundesregierung zum Kohleausstieg wird im Rheinischen Revier ein Strukturwandel eingeleitet, der die einzigartige Chance bietet, sozio-technische Dynamiken zu analysieren und regionale Implementierungsoptionen hin zu einer regional-zusammenh\u00e4ngenden nachhaltigen Bio\u00f6konomie zu gestalten. Um dies zu erreichen, ist das Ziel von Transform2Bio die systematische Identifizierung von Transformationspfaden. Diese Transformationspfade m\u00fcssen zugleich (a) w\u00fcnschenswert (aus Nachhaltigkeitssicht), (b) m\u00f6glich (aus techno-\u00f6konomischer Sicht) und (c) akzeptabel (aus Stakeholder-Konsensperspektive) sein. Im Rahmen des multidimensionalen Ansatzes wird dar\u00fcber hinaus ein interaktives Stakeholder-Netzwerk, das Stakes2Bio Lab, etabliert. LaufzeitSeptember 2019 \u2013 August 2022 F\u00f6rderung durchFOCUS FUND im Rahmen des NRW-Strategieprojekt BioSC \u2013 Phase2: Fokussierung.Ministerium f\u00fcr Kultur und Wissenschaft des Landes Nordrhein-Westfalen ProjektpartnerRWTH Aachen \u2013 Lehrstuhl f\u00fcr Operation ManagementUniversit\u00e4t Bonn \u2013 Institut f\u00fcr Lebensmittel- und Ressourcen\u00f6konomik (ILR) \/ Zentrum f\u00fcr Entwick-lungsforschung (ZEF)Forschungszentrum J\u00fclich \u2013 IBG-2 ProjektleiterProf. Dr. rer. pol. Sandra Venghaus Ergebnissefolgen KontaktProf. Dr. rer. pol. Sandra VenghausForschungszentrum J\u00fclichInstitut f\u00fcr Energie- und KlimaforschungIEK-STE: Systemforschung und Technologische Entwicklunge-mail: s.venghaus@fz-juelich.de Projektwebseitehttp:\/\/www.biosc.de\/transform2bio<\/p>","protected":false},"author":1,"featured_media":0,"parent":24,"menu_order":0,"comment_status":"closed","ping_status":"closed","template":"","meta":{"_crdt_document":"","footnotes":""},"class_list":["post-325","page","type-page","status-publish","hentry"],"_links":{"self":[{"href":"https:\/\/www.socecon.rwth-aachen.de\/en\/wp-json\/wp\/v2\/pages\/325","targetHints":{"allow":["GET"]}}],"collection":[{"href":"https:\/\/www.socecon.rwth-aachen.de\/en\/wp-json\/wp\/v2\/pages"}],"about":[{"href":"https:\/\/www.socecon.rwth-aachen.de\/en\/wp-json\/wp\/v2\/types\/page"}],"author":[{"embeddable":true,"href":"https:\/\/www.socecon.rwth-aachen.de\/en\/wp-json\/wp\/v2\/users\/1"}],"replies":[{"embeddable":true,"href":"https:\/\/www.socecon.rwth-aachen.de\/en\/wp-json\/wp\/v2\/comments?post=325"}],"version-history":[{"count":2,"href":"https:\/\/www.socecon.rwth-aachen.de\/en\/wp-json\/wp\/v2\/pages\/325\/revisions"}],"predecessor-version":[{"id":465,"href":"https:\/\/www.socecon.rwth-aachen.de\/en\/wp-json\/wp\/v2\/pages\/325\/revisions\/465"}],"up":[{"embeddable":true,"href":"https:\/\/www.socecon.rwth-aachen.de\/en\/wp-json\/wp\/v2\/pages\/24"}],"wp:attachment":[{"href":"https:\/\/www.socecon.rwth-aachen.de\/en\/wp-json\/wp\/v2\/media?parent=325"}],"curies":[{"name":"wp","href":"https:\/\/api.w.org\/{rel}","templated":true}]}}