{"id":319,"date":"2022-01-25T16:58:32","date_gmt":"2022-01-25T15:58:32","guid":{"rendered":"https:\/\/www.socecon.rwth-aachen.de\/?page_id=319"},"modified":"2025-09-18T15:03:32","modified_gmt":"2025-09-18T13:03:32","slug":"ali-torkayesh","status":"publish","type":"page","link":"https:\/\/www.socecon.rwth-aachen.de\/en\/team\/wissenschaftliche-mitarbeiter\/ali-torkayesh\/","title":{"rendered":"Ali E. Torkayesh"},"content":{"rendered":"<div class=\"wp-block-columns is-layout-flex wp-container-core-columns-is-layout-8f761849 wp-block-columns-is-layout-flex\">\n<div class=\"wp-block-column is-layout-flow wp-block-column-is-layout-flow\" style=\"flex-basis:33.33%\">\n<figure class=\"wp-block-image size-large is-resized\"><img loading=\"lazy\" decoding=\"async\" width=\"683\" height=\"1024\" src=\"https:\/\/www.socecon.rwth-aachen.de\/wp-content\/uploads\/2023\/02\/Portraet-122-2-683x1024.jpg\" alt=\"\" class=\"wp-image-617\" style=\"width:253px;height:379px\" srcset=\"https:\/\/www.socecon.rwth-aachen.de\/wp-content\/uploads\/2023\/02\/Portraet-122-2-683x1024.jpg 683w, https:\/\/www.socecon.rwth-aachen.de\/wp-content\/uploads\/2023\/02\/Portraet-122-2-200x300.jpg 200w, https:\/\/www.socecon.rwth-aachen.de\/wp-content\/uploads\/2023\/02\/Portraet-122-2-768x1152.jpg 768w, https:\/\/www.socecon.rwth-aachen.de\/wp-content\/uploads\/2023\/02\/Portraet-122-2-1024x1536.jpg 1024w, https:\/\/www.socecon.rwth-aachen.de\/wp-content\/uploads\/2023\/02\/Portraet-122-2-1365x2048.jpg 1365w, https:\/\/www.socecon.rwth-aachen.de\/wp-content\/uploads\/2023\/02\/Portraet-122-2.jpg 1417w\" sizes=\"auto, (max-width: 683px) 100vw, 683px\" \/><\/figure>\n\n\n\n<p class=\"has-small-font-size wp-block-paragraph\"><em>copyright \u00a9 Heike Lachmann | FSC<\/em><\/p>\n<\/div>\n\n\n\n<div class=\"wp-block-column is-layout-flow wp-block-column-is-layout-flow\" style=\"flex-basis:66.66%\">\n<p class=\"wp-block-paragraph\"><\/p>\n\n\n\n<p class=\"has-small-font-size wp-block-paragraph\"><mark style=\"background-color:rgba(0, 0, 0, 0)\" class=\"has-inline-color has-vivid-cyan-blue-color\">M. Sc.<\/mark><br>Ali E. Torkayesh<\/p>\n\n\n\n<p class=\"has-small-font-size wp-block-paragraph\"><br>E-Mail: <a href=\"mailto:sebastian.lubjuhn@socecon.rwth-aachen.de\"><\/a><a href=\"mailto:ali.torkayesh@socecon.rwth-aachen.de\">ali.torkayesh@socecon.rwth-aachen.de<\/a><br>tel. no.: +492418099511<br>Raum: B136<br>Kackertstra\u00dfe 7<br>52072 Aachen<\/p>\n\n\n\n<p class=\"has-small-font-size wp-block-paragraph\"><strong>Office hours<\/strong><br>By arrangement, registration by e-mail.<\/p>\n<\/div>\n<\/div>\n\n\n\n<h4 class=\"wp-block-heading\" id=\"forschungsschwerpunkte\">Key research areas<\/h4>\n\n\n\n<ul class=\"wp-block-list\">\n<li>Decision Support Systems<\/li>\n\n\n\n<li>Sustainable Development<\/li>\n\n\n\n<li>Energy Policy<\/li>\n\n\n\n<li>Transport Policy<\/li>\n<\/ul>\n\n\n\n<h4 class=\"wp-block-heading\" id=\"projects\">Projects<\/h4>\n\n\n\n<p class=\"wp-block-paragraph\">The Fuel Science Center \u2013 <a href=\"https:\/\/www.fuelcenter.rwth-aachen.de\" data-type=\"URL\" data-id=\"https:\/\/www.fuelcenter.rwth-aachen.de\" target=\"_blank\" rel=\"noreferrer noopener\">Adaptive Conversion Systems for Renewable Energy and Carbon Sources<\/a><br><em><em>Funding: German Research Foundation (<a href=\"https:\/\/www.dfg.de\" data-type=\"URL\" data-id=\"https:\/\/www.dfg.de\" target=\"_blank\" rel=\"noreferrer noopener\">DFG<\/a>)<\/em><\/em><\/p>\n\n\n\n<p class=\"wp-block-paragraph\">SupplHyInno Rhineland, the Hydrogen Clusters4Future initiative \u2013 Innovationsbegleitende Ma\u00dfnahmen f\u00fcr eine nachhaltige Wasserstoffwirtschaft im Rheinland: Dezentrale \u00d6kosysteme und die Rolle der Zulieferindustrie im Zusammenspiel von Mensch, Umwelt und Wirtschaft <br><em><em>Funding: Clusters4Future (<\/em><\/em><a href=\"https:\/\/www.clusters4future.de\/\" data-type=\"URL\" data-id=\"https:\/\/www.dfg.de\" target=\"_blank\" rel=\"noreferrer noopener\">Clusters 4 Future<\/a><em><em>)<\/em><\/em><\/p>\n\n\n\n<h4 class=\"wp-block-heading\" id=\"publicationsrefereed-journalsa-list-of-published-articles-in-scientific-journals-can-be-accessed-here\">Publications<\/h4>\n\n\n\n<p class=\"wp-block-paragraph\"><strong>Ebadi Torkayesh, S.<\/strong>, &amp; <strong>Venghaus, S.<\/strong> 2025. Market diffusion of Power-to-X fuels in Germany: A cognitive approach with robust reasoning for policy support. <em>Applied Energy<\/em>.<a href=\"https:\/\/doi.org\/10.1016\/j.apenergy.2024.124616\"> doi.org\/10.1016\/j.apenergy.2024.124616 <span><a href=\"javascript:\"><img decoding=\"async\" identifier=\"10.1016\/j.apenergy.2024.124616\" identifiertype=\"1\" title=\"Add to Citavi project by DOI\" existsinproject=\"0\" class=\"citavipicker\" style=\"border: 0px none!important;width: 16px!important;height: 16px!important;margin-left:1px !important;margin-right:1px !important;\" src=\"data:image\/svg+xml;base64,PD94bWwgdmVyc2lvbj0iMS4wIiBlbmNvZGluZz0idXRmLTgiPz48IURPQ1RZUEUgc3ZnIFBVQkxJQyAiLS8vVzNDLy9EVEQgU1ZHIDEuMS8vRU4iICJodHRwOi8vd3d3LnczLm9yZy9HcmFwaGljcy9TVkcvMS4xL0RURC9zdmcxMS5kdGQiPjxzdmcgdmVyc2lvbj0iMS4xIiBpZD0iRWJlbmVfMSIgeG1sbnM9Imh0dHA6Ly93d3cudzMub3JnLzIwMDAvc3ZnIiB4bWxuczp4bGluaz0iaHR0cDovL3d3dy53My5vcmcvMTk5OS94bGluayIgeD0iMHB4IiB5PSIwcHgiIHdpZHRoPSIxNnB4IiBoZWlnaHQ9IjE2cHgiIHZpZXdCb3g9IjAgMCAxNiAxNiIgZW5hYmxlLWJhY2tncm91bmQ9Im5ldyAwIDAgMTYgMTYiIHhtbDpzcGFjZT0icHJlc2VydmUiPjxnPjxnPjxwYXRoIGZpbGw9IiNGRkZGRkYiIGQ9Ik04LjAwMSwxNS41QzMuODY0LDE1LjUsMC41LDEyLjEzNiwwLjUsOGMwLTQuMTM1LDMuMzY1LTcuNSw3LjUwMS03LjVTMTUuNSwzLjg2NCwxNS41LDhTMTIuMTM3LDE1LjUsOC4wMDEsMTUuNXoiLz48cGF0aCBmaWxsPSIjRDUyQjFFIiBkPSJNOC4wMDEsMUMxMS44NiwxLDE1LDQuMTQxLDE1LDhzLTMuMTM5LDctNi45OTksN0M0LjE0LDE1LDEsMTEuODU5LDEsOFM0LjE0LDEsOC4wMDEsMSBNOC4wMDEsMEMzLjU4MiwwLDAsMy41ODIsMCw4czMuNTgyLDgsOC4wMDEsOEMxMi40MTgsMTYsMTYsMTIuNDE4LDE2LDhTMTIuNDE4LDAsOC4wMDEsMEw4LjAwMSwweiIvPjwvZz48cGF0aCBmaWxsPSIjRDUyQjFFIiBkPSJNNi43NDUsMTIuNTg5Yy0wLjIyNywwLjEyMi0wLjQ5NywwLjI0Ny0wLjY4NCwwLjI0N2MtMC4zMTgsMC0wLjUwMS0wLjE2NC0wLjUwMS0wLjQ1MmMwLTAuMjA3LDAuMTQtMC4zNzUsMC41OTUtMC42MjJjMS41NDktMC45MDQsMi41OTQtMi4yNzIsMi41OTQtMy43MjFjMC0wLjgyNS0wLjIyNy0xLjExOS0wLjY4MS0xLjExOWMtMC4xMzUsMC0wLjMyLDAuMjE5LTAuNjM2LDAuMjE5SDcuMTU3QzYuMTAyLDcuMTQzLDUuMzMzLDYuMjY0LDUuMzMzLDUuMjNjMC0xLjE1MiwwLjk1OC0yLjAwNiwyLjI4LTIuMDA2YzEuNzc3LDAsMy4wNTMsMS4zNzMsMy4wNTMsMy40M0MxMC42NjYsOS4yMTUsOS4yMDMsMTEuMjcsNi43NDUsMTIuNTg5Ii8+PC9nPjwvc3ZnPg\"><\/a><\/span><\/a><\/p>\n\n\n\n<p class=\"wp-block-paragraph\">Vera, J. P., <strong>Torkayesh, A. E., &amp; Venghaus, S<\/strong>. (2025). An expert-based evaluation of fuel alternatives for green road passenger transport in Germany.\u00a0<em>Case Studies on Transport Policy<\/em>, 101502.<a href=\"https:\/\/doi.org\/10.1016\/j.cstp.2025.101502\">doi.org\/10.1016\/j.cstp.2025.101502 <span><a href=\"javascript:\"><img decoding=\"async\" identifier=\"10.1016\/j.cstp.2025.101502\" identifiertype=\"1\" title=\"Add to Citavi project by DOI\" existsinproject=\"0\" class=\"citavipicker\" style=\"border: 0px none!important;width: 16px!important;height: 16px!important;margin-left:1px !important;margin-right:1px !important;\" src=\"data:image\/svg+xml;base64,PD94bWwgdmVyc2lvbj0iMS4wIiBlbmNvZGluZz0idXRmLTgiPz48IURPQ1RZUEUgc3ZnIFBVQkxJQyAiLS8vVzNDLy9EVEQgU1ZHIDEuMS8vRU4iICJodHRwOi8vd3d3LnczLm9yZy9HcmFwaGljcy9TVkcvMS4xL0RURC9zdmcxMS5kdGQiPjxzdmcgdmVyc2lvbj0iMS4xIiBpZD0iRWJlbmVfMSIgeG1sbnM9Imh0dHA6Ly93d3cudzMub3JnLzIwMDAvc3ZnIiB4bWxuczp4bGluaz0iaHR0cDovL3d3dy53My5vcmcvMTk5OS94bGluayIgeD0iMHB4IiB5PSIwcHgiIHdpZHRoPSIxNnB4IiBoZWlnaHQ9IjE2cHgiIHZpZXdCb3g9IjAgMCAxNiAxNiIgZW5hYmxlLWJhY2tncm91bmQ9Im5ldyAwIDAgMTYgMTYiIHhtbDpzcGFjZT0icHJlc2VydmUiPjxnPjxnPjxwYXRoIGZpbGw9IiNGRkZGRkYiIGQ9Ik04LjAwMSwxNS41QzMuODY0LDE1LjUsMC41LDEyLjEzNiwwLjUsOGMwLTQuMTM1LDMuMzY1LTcuNSw3LjUwMS03LjVTMTUuNSwzLjg2NCwxNS41LDhTMTIuMTM3LDE1LjUsOC4wMDEsMTUuNXoiLz48cGF0aCBmaWxsPSIjRDUyQjFFIiBkPSJNOC4wMDEsMUMxMS44NiwxLDE1LDQuMTQxLDE1LDhzLTMuMTM5LDctNi45OTksN0M0LjE0LDE1LDEsMTEuODU5LDEsOFM0LjE0LDEsOC4wMDEsMSBNOC4wMDEsMEMzLjU4MiwwLDAsMy41ODIsMCw4czMuNTgyLDgsOC4wMDEsOEMxMi40MTgsMTYsMTYsMTIuNDE4LDE2LDhTMTIuNDE4LDAsOC4wMDEsMEw4LjAwMSwweiIvPjwvZz48cGF0aCBmaWxsPSIjRDUyQjFFIiBkPSJNNi43NDUsMTIuNTg5Yy0wLjIyNywwLjEyMi0wLjQ5NywwLjI0Ny0wLjY4NCwwLjI0N2MtMC4zMTgsMC0wLjUwMS0wLjE2NC0wLjUwMS0wLjQ1MmMwLTAuMjA3LDAuMTQtMC4zNzUsMC41OTUtMC42MjJjMS41NDktMC45MDQsMi41OTQtMi4yNzIsMi41OTQtMy43MjFjMC0wLjgyNS0wLjIyNy0xLjExOS0wLjY4MS0xLjExOWMtMC4xMzUsMC0wLjMyLDAuMjE5LTAuNjM2LDAuMjE5SDcuMTU3QzYuMTAyLDcuMTQzLDUuMzMzLDYuMjY0LDUuMzMzLDUuMjNjMC0xLjE1MiwwLjk1OC0yLjAwNiwyLjI4LTIuMDA2YzEuNzc3LDAsMy4wNTMsMS4zNzMsMy4wNTMsMy40M0MxMC42NjYsOS4yMTUsOS4yMDMsMTEuMjcsNi43NDUsMTIuNTg5Ii8+PC9nPjwvc3ZnPg\"><\/a><\/span><\/a><\/p>\n\n\n\n<p class=\"wp-block-paragraph\">Elh\u00fcseyni, M., Celebi, E., \u015eahin, G., <strong>Ebadi Torkayesh, A.<\/strong>, &amp; Y\u0131lmaz, E. (2025). Cut-based matheuristic algorithms to detect tacit collusion in deregulated electricity markets.\u00a0<em>Energy Sources, Part B: Economics, Planning, and Policy<\/em>,\u00a0<em>20<\/em>(1), 2456062.<a href=\"https:\/\/doi.org\/10.1080\/15567249.2025.2456062\">doi.org\/10.1080\/15567249.2025.2456062 <span><a href=\"javascript:\"><img decoding=\"async\" identifier=\"10.1080\/15567249.2025.2456062\" identifiertype=\"1\" title=\"Add to Citavi project by DOI\" existsinproject=\"0\" class=\"citavipicker\" style=\"border: 0px none!important;width: 16px!important;height: 16px!important;margin-left:1px !important;margin-right:1px !important;\" src=\"data:image\/svg+xml;base64,PD94bWwgdmVyc2lvbj0iMS4wIiBlbmNvZGluZz0idXRmLTgiPz48IURPQ1RZUEUgc3ZnIFBVQkxJQyAiLS8vVzNDLy9EVEQgU1ZHIDEuMS8vRU4iICJodHRwOi8vd3d3LnczLm9yZy9HcmFwaGljcy9TVkcvMS4xL0RURC9zdmcxMS5kdGQiPjxzdmcgdmVyc2lvbj0iMS4xIiBpZD0iRWJlbmVfMSIgeG1sbnM9Imh0dHA6Ly93d3cudzMub3JnLzIwMDAvc3ZnIiB4bWxuczp4bGluaz0iaHR0cDovL3d3dy53My5vcmcvMTk5OS94bGluayIgeD0iMHB4IiB5PSIwcHgiIHdpZHRoPSIxNnB4IiBoZWlnaHQ9IjE2cHgiIHZpZXdCb3g9IjAgMCAxNiAxNiIgZW5hYmxlLWJhY2tncm91bmQ9Im5ldyAwIDAgMTYgMTYiIHhtbDpzcGFjZT0icHJlc2VydmUiPjxnPjxnPjxwYXRoIGZpbGw9IiNGRkZGRkYiIGQ9Ik04LjAwMSwxNS41QzMuODY0LDE1LjUsMC41LDEyLjEzNiwwLjUsOGMwLTQuMTM1LDMuMzY1LTcuNSw3LjUwMS03LjVTMTUuNSwzLjg2NCwxNS41LDhTMTIuMTM3LDE1LjUsOC4wMDEsMTUuNXoiLz48cGF0aCBmaWxsPSIjRDUyQjFFIiBkPSJNOC4wMDEsMUMxMS44NiwxLDE1LDQuMTQxLDE1LDhzLTMuMTM5LDctNi45OTksN0M0LjE0LDE1LDEsMTEuODU5LDEsOFM0LjE0LDEsOC4wMDEsMSBNOC4wMDEsMEMzLjU4MiwwLDAsMy41ODIsMCw4czMuNTgyLDgsOC4wMDEsOEMxMi40MTgsMTYsMTYsMTIuNDE4LDE2LDhTMTIuNDE4LDAsOC4wMDEsMEw4LjAwMSwweiIvPjwvZz48cGF0aCBmaWxsPSIjRDUyQjFFIiBkPSJNNi43NDUsMTIuNTg5Yy0wLjIyNywwLjEyMi0wLjQ5NywwLjI0Ny0wLjY4NCwwLjI0N2MtMC4zMTgsMC0wLjUwMS0wLjE2NC0wLjUwMS0wLjQ1MmMwLTAuMjA3LDAuMTQtMC4zNzUsMC41OTUtMC42MjJjMS41NDktMC45MDQsMi41OTQtMi4yNzIsMi41OTQtMy43MjFjMC0wLjgyNS0wLjIyNy0xLjExOS0wLjY4MS0xLjExOWMtMC4xMzUsMC0wLjMyLDAuMjE5LTAuNjM2LDAuMjE5SDcuMTU3QzYuMTAyLDcuMTQzLDUuMzMzLDYuMjY0LDUuMzMzLDUuMjNjMC0xLjE1MiwwLjk1OC0yLjAwNiwyLjI4LTIuMDA2YzEuNzc3LDAsMy4wNTMsMS4zNzMsMy4wNTMsMy40M0MxMC42NjYsOS4yMTUsOS4yMDMsMTEuMjcsNi43NDUsMTIuNTg5Ii8+PC9nPjwvc3ZnPg\"><\/a><\/span><\/a><\/p>\n\n\n\n<p class=\"wp-block-paragraph\">Vorwerg, F. C., <strong>Ebadi Torkayesh, A., &amp; Venghaus, S<\/strong>. (2025). From fossil fuels to alternative fuels: strategy development for a sustainable transport sector in Germany.&nbsp;<em>Energy, Sustainability and Society<\/em>,&nbsp;<em>15<\/em>(1), 4.<a href=\"http:\/\/doi.org\/10.1186\/s13705-024-00498-5\" data-type=\"link\" data-id=\"doi.org\/10.1186\/s13705-024-00498-5\">doi.org\/10.1186\/s13705-024-00498-5<\/a>  <span><a href=\"javascript:\"><img decoding=\"async\" identifier=\"10.1186\/s13705-024-00498-5\" identifiertype=\"1\" title=\"Add to Citavi project by DOI\" existsinproject=\"0\" class=\"citavipicker\" style=\"border: 0px none!important;width: 16px!important;height: 16px!important;margin-left:1px !important;margin-right:1px !important;\" src=\"data:image\/svg+xml;base64,PD94bWwgdmVyc2lvbj0iMS4wIiBlbmNvZGluZz0idXRmLTgiPz48IURPQ1RZUEUgc3ZnIFBVQkxJQyAiLS8vVzNDLy9EVEQgU1ZHIDEuMS8vRU4iICJodHRwOi8vd3d3LnczLm9yZy9HcmFwaGljcy9TVkcvMS4xL0RURC9zdmcxMS5kdGQiPjxzdmcgdmVyc2lvbj0iMS4xIiBpZD0iRWJlbmVfMSIgeG1sbnM9Imh0dHA6Ly93d3cudzMub3JnLzIwMDAvc3ZnIiB4bWxuczp4bGluaz0iaHR0cDovL3d3dy53My5vcmcvMTk5OS94bGluayIgeD0iMHB4IiB5PSIwcHgiIHdpZHRoPSIxNnB4IiBoZWlnaHQ9IjE2cHgiIHZpZXdCb3g9IjAgMCAxNiAxNiIgZW5hYmxlLWJhY2tncm91bmQ9Im5ldyAwIDAgMTYgMTYiIHhtbDpzcGFjZT0icHJlc2VydmUiPjxnPjxnPjxwYXRoIGZpbGw9IiNGRkZGRkYiIGQ9Ik04LjAwMSwxNS41QzMuODY0LDE1LjUsMC41LDEyLjEzNiwwLjUsOGMwLTQuMTM1LDMuMzY1LTcuNSw3LjUwMS03LjVTMTUuNSwzLjg2NCwxNS41LDhTMTIuMTM3LDE1LjUsOC4wMDEsMTUuNXoiLz48cGF0aCBmaWxsPSIjRDUyQjFFIiBkPSJNOC4wMDEsMUMxMS44NiwxLDE1LDQuMTQxLDE1LDhzLTMuMTM5LDctNi45OTksN0M0LjE0LDE1LDEsMTEuODU5LDEsOFM0LjE0LDEsOC4wMDEsMSBNOC4wMDEsMEMzLjU4MiwwLDAsMy41ODIsMCw4czMuNTgyLDgsOC4wMDEsOEMxMi40MTgsMTYsMTYsMTIuNDE4LDE2LDhTMTIuNDE4LDAsOC4wMDEsMEw4LjAwMSwweiIvPjwvZz48cGF0aCBmaWxsPSIjRDUyQjFFIiBkPSJNNi43NDUsMTIuNTg5Yy0wLjIyNywwLjEyMi0wLjQ5NywwLjI0Ny0wLjY4NCwwLjI0N2MtMC4zMTgsMC0wLjUwMS0wLjE2NC0wLjUwMS0wLjQ1MmMwLTAuMjA3LDAuMTQtMC4zNzUsMC41OTUtMC42MjJjMS41NDktMC45MDQsMi41OTQtMi4yNzIsMi41OTQtMy43MjFjMC0wLjgyNS0wLjIyNy0xLjExOS0wLjY4MS0xLjExOWMtMC4xMzUsMC0wLjMyLDAuMjE5LTAuNjM2LDAuMjE5SDcuMTU3QzYuMTAyLDcuMTQzLDUuMzMzLDYuMjY0LDUuMzMzLDUuMjNjMC0xLjE1MiwwLjk1OC0yLjAwNiwyLjI4LTIuMDA2YzEuNzc3LDAsMy4wNTMsMS4zNzMsMy4wNTMsMy40M0MxMC42NjYsOS4yMTUsOS4yMDMsMTEuMjcsNi43NDUsMTIuNTg5Ii8+PC9nPjwvc3ZnPg\"><\/a><\/span><\/p>\n\n\n\n<p class=\"wp-block-paragraph\">Hendiani, S., <strong>Torkayesh, A. E., Venghaus, S.<\/strong>, &amp; Walther, G. (2025). Leading the green charge: A novel type-2 fuzzy VIKOR method applied to eco-conscious freight transport.\u00a0<em>Expert Systems with Applications<\/em>, 128082.<a href=\"https:\/\/doi.org\/10.1016\/j.eswa.2025.128082\">doi.org\/10.1016\/j.eswa.2025.128082 <span><a href=\"javascript:\"><img decoding=\"async\" identifier=\"10.1016\/j.eswa.2025.128082\" identifiertype=\"1\" title=\"Add to Citavi project by DOI\" existsinproject=\"0\" class=\"citavipicker\" style=\"border: 0px none!important;width: 16px!important;height: 16px!important;margin-left:1px !important;margin-right:1px !important;\" src=\"data:image\/svg+xml;base64,PD94bWwgdmVyc2lvbj0iMS4wIiBlbmNvZGluZz0idXRmLTgiPz48IURPQ1RZUEUgc3ZnIFBVQkxJQyAiLS8vVzNDLy9EVEQgU1ZHIDEuMS8vRU4iICJodHRwOi8vd3d3LnczLm9yZy9HcmFwaGljcy9TVkcvMS4xL0RURC9zdmcxMS5kdGQiPjxzdmcgdmVyc2lvbj0iMS4xIiBpZD0iRWJlbmVfMSIgeG1sbnM9Imh0dHA6Ly93d3cudzMub3JnLzIwMDAvc3ZnIiB4bWxuczp4bGluaz0iaHR0cDovL3d3dy53My5vcmcvMTk5OS94bGluayIgeD0iMHB4IiB5PSIwcHgiIHdpZHRoPSIxNnB4IiBoZWlnaHQ9IjE2cHgiIHZpZXdCb3g9IjAgMCAxNiAxNiIgZW5hYmxlLWJhY2tncm91bmQ9Im5ldyAwIDAgMTYgMTYiIHhtbDpzcGFjZT0icHJlc2VydmUiPjxnPjxnPjxwYXRoIGZpbGw9IiNGRkZGRkYiIGQ9Ik04LjAwMSwxNS41QzMuODY0LDE1LjUsMC41LDEyLjEzNiwwLjUsOGMwLTQuMTM1LDMuMzY1LTcuNSw3LjUwMS03LjVTMTUuNSwzLjg2NCwxNS41LDhTMTIuMTM3LDE1LjUsOC4wMDEsMTUuNXoiLz48cGF0aCBmaWxsPSIjRDUyQjFFIiBkPSJNOC4wMDEsMUMxMS44NiwxLDE1LDQuMTQxLDE1LDhzLTMuMTM5LDctNi45OTksN0M0LjE0LDE1LDEsMTEuODU5LDEsOFM0LjE0LDEsOC4wMDEsMSBNOC4wMDEsMEMzLjU4MiwwLDAsMy41ODIsMCw4czMuNTgyLDgsOC4wMDEsOEMxMi40MTgsMTYsMTYsMTIuNDE4LDE2LDhTMTIuNDE4LDAsOC4wMDEsMEw4LjAwMSwweiIvPjwvZz48cGF0aCBmaWxsPSIjRDUyQjFFIiBkPSJNNi43NDUsMTIuNTg5Yy0wLjIyNywwLjEyMi0wLjQ5NywwLjI0Ny0wLjY4NCwwLjI0N2MtMC4zMTgsMC0wLjUwMS0wLjE2NC0wLjUwMS0wLjQ1MmMwLTAuMjA3LDAuMTQtMC4zNzUsMC41OTUtMC42MjJjMS41NDktMC45MDQsMi41OTQtMi4yNzIsMi41OTQtMy43MjFjMC0wLjgyNS0wLjIyNy0xLjExOS0wLjY4MS0xLjExOWMtMC4xMzUsMC0wLjMyLDAuMjE5LTAuNjM2LDAuMjE5SDcuMTU3QzYuMTAyLDcuMTQzLDUuMzMzLDYuMjY0LDUuMzMzLDUuMjNjMC0xLjE1MiwwLjk1OC0yLjAwNiwyLjI4LTIuMDA2YzEuNzc3LDAsMy4wNTMsMS4zNzMsMy4wNTMsMy40M0MxMC42NjYsOS4yMTUsOS4yMDMsMTEuMjcsNi43NDUsMTIuNTg5Ii8+PC9nPjwvc3ZnPg\"><\/a><\/span><\/a><\/p>\n\n\n\n<p class=\"wp-block-paragraph\"><strong>Ebadi Torkayesh, S.<\/strong>, &amp; <strong>Venghaus, S.<\/strong> 2024. Germany\u2019s Power-to-X policy for climate-neutral transport. <em>Energy<\/em>.<a href=\"https:\/\/doi.org\/10.1016\/j.energy.2024.134020\">doi.org\/10.1016\/j.energy.2024.134020<\/a><\/p>\n\n\n\n<p class=\"wp-block-paragraph\" id=\"publicationsrefereed-journalsa-list-of-published-articles-in-scientific-journals-can-be-accessed-here\"><strong>Ebadi Torkayesh, S.<\/strong>, &amp; <strong>Venghaus, S.<\/strong> 2024. Fueling the future: Overcoming the barriers to market development of renewable fuels in Germany using a novel analytical approach. <em>European Journal of Operational Research<\/em>. <a href=\"https:\/\/doi.org\/10.1016\/j.ejor.2024.02.039\">doi.org\/10.1016\/j.ejor.2024.02.039<\/a><\/p>\n\n\n\n<p class=\"wp-block-paragraph\"><strong>Ebadi Torkayesh, S.<\/strong>, &amp; <strong>Venghaus, S.<\/strong> 2024. Decoding the transport policy maze towards climate neutrality: Cross-sectoral policy landscapes. <em>Renewable and Sustainable Energy Reviews<\/em><a href=\"https:\/\/doi.org\/10.1016\/j.ejor.2024.02.039\">.<\/a><a href=\"https:\/\/doi.org\/10.1016\/j.rser.2024.114865\"> doi.org\/10.1016\/j.rser.2024.114865<\/a><\/p>\n\n\n\n<p class=\"wp-block-paragraph\"><\/p>\n\n\n\n<h4 class=\"wp-block-heading has-text-align-left\">Conference Posters &amp; Proceedings<\/h4>\n\n\n\n<p class=\"wp-block-paragraph\"><strong>Venghaus, S., Lubjuhn, S., Siekmann, F., Sota, R., Torkayesh, A. E., Stark, S.<\/strong> August, 2024. Proactive Policy<br>Advice \u2013 The Potential of Machine Learning for Predictive Policy Scenario Generation. <em>Applied Energy Symposium: MITAB, Cambridge, USA<\/em>. <\/p>\n\n\n\n<p class=\"wp-block-paragraph\"><strong>Torkayesh, A. E., Hendiani, S., Walther, G. &amp; Venghaus, S<\/strong>. July, 2024. Renewable Fuels in Transport: An Analysis of Market Development Barriers. <em>33rd European Conference on Operational Research, Copenhagen, Denmark<\/em><\/p>\n\n\n\n<p class=\"wp-block-paragraph\"><strong>Venghaus, S., Rohner, J.J. &amp; Torkayesh, A. E<\/strong>. July, 2024. Toward Climate-neutral Aviation &#8211; The Market Adoption of Sustainable Aviation Fuels using Agent-based Modeling. <em>33rd European Conference on Operational Research, Copenhagen, Denmark<\/em>.<\/p>\n\n\n\n<p class=\"wp-block-paragraph\"><strong>Vatankhah Ghadim, H., Torkayesh, A. E., Haas, J., Peer, R., Walther, G., Venghaus, S<\/strong>. July, 2024. Green Skies Ahead: Streamlining the Sustainable Aviation Fuel Supply Chain in New Zealand. <em>33rd European Conference on Operational Research, Copenhagen, Denmark<\/em>.<\/p>\n\n\n\n<p class=\"wp-block-paragraph\"><strong>Torkayesh, A. E. &amp; Hendiani, S., Walther, G., Venghaus, S<\/strong>. June, 2024. Renewable Fuels for Freight Transport: Sustainability Principles &amp; Market Barriers. <em>12th International Conference \u201cFuel Science: From Production to Propulsion\u201d, Aachen, Germany<\/em>.<\/p>\n\n\n\n<p class=\"wp-block-paragraph\"><strong>Torkayesh, A. E. &amp; Venghaus, S<\/strong>. July, 2023. Towards Climate Neutrality in Germany: A Multi-objective Policy Optimization for Renewable Fuels in Transport Sector. <em>23rd Conference of the International Federation of Operational Research Societies, Santiago, Chile<\/em>.<\/p>\n\n\n\n<p class=\"wp-block-paragraph\"><strong>Torkayesh, A. E. &amp; Venghaus, S<\/strong>. May, 2023. Cross-Sectoral Policy Coherence and its Impact on Climate Neutrality in the German Transport Sector. <em>11th International Conference \u201cFuel Science: From Production to Propulsion\u201d, Aachen, Germany<\/em>.<\/p>\n\n\n\n<p class=\"wp-block-paragraph\"><strong>Torkayesh, A. E. &amp; Venghaus, S<\/strong>. May, 2022. Market Diffusion of Bio-hybrid Fuels in the Mobility Sector of<br>Germany: A Fuzzy Cognitive Mapping Approach. <em>10th International Conference \u201cFuel Science: From Production to Propulsion\u201d, Aachen, Germany<\/em>.<\/p>\n\n\n\n<p class=\"wp-block-paragraph\"><\/p>\n\n\n\n<h4 class=\"wp-block-heading\" id=\"teaching\">Teaching<\/h4>\n\n\n\n<p class=\"wp-block-paragraph\">WS &amp; SS 2021-ongoing: Supervision of scientific theses<\/p>\n\n\n\n<p class=\"wp-block-paragraph\"><\/p>\n\n\n\n<h4 class=\"wp-block-heading\">Supervised theses<\/h4>\n\n\n\n<p class=\"wp-block-paragraph\">MA: Sustainable Aviation in Europe &#8211; Navigating Transformation within a Regulated Competitive Landscape. <\/p>\n\n\n\n<p class=\"wp-block-paragraph\">MA: Stakeholders&#8216; Perception of Circular Economy in Mobility Sector of Germany.<\/p>\n\n\n\n<p class=\"wp-block-paragraph\">MA: Towards Climate Neutrality by 2045: Fuel Planning for the Future Road Passenger Mobility Sector of Germany. <\/p>\n\n\n\n<p class=\"wp-block-paragraph\">BA: Germany&#8217;s transformation towards a CO2 neutral economy &#8211; The role of fossil fuels in the sustainable transportation sector.<\/p>\n\n\n\n<p class=\"wp-block-paragraph\"><\/p>","protected":false},"excerpt":{"rendered":"<p>copyright \u00a9 Heike Lachmann | FSC M. Sc.Ali E. Torkayesh E-Mail: ali.torkayesh@socecon.rwth-aachen.detel. no.: +492418099511Raum: B136Kackertstra\u00dfe 752072 Aachen SprechstundeNach Vereinbarung, Anmeldung per E-Mail. Forschungsschwerpunkte Projects The Fuel Science Center \u2013 Adaptive Conversion Systems for Renewable Energy and Carbon SourcesFunding: German Research Foundation (DFG) SupplHyInno Rhineland, the Hydrogen Clusters4Future initiative \u2013 Innovationsbegleitende Ma\u00dfnahmen f\u00fcr eine nachhaltige Wasserstoffwirtschaft im Rheinland: Dezentrale \u00d6kosysteme und die Rolle der Zulieferindustrie im Zusammenspiel von Mensch, Umwelt und Wirtschaft Funding: Clusters4Future (Clusters 4 Future) Publications Ebadi Torkayesh, S., &amp; Venghaus, S. 2025. Market diffusion of Power-to-X fuels in Germany: A cognitive approach with robust reasoning for policy support. Applied Energy. doi.org\/10.1016\/j.apenergy.2024.124616 Vera, J. P., Torkayesh, A. E., &amp; Venghaus, S. (2025). An expert-based evaluation of fuel alternatives for green road passenger transport in Germany.\u00a0Case Studies on Transport Policy, 101502.doi.org\/10.1016\/j.cstp.2025.101502 Elh\u00fcseyni, M., Celebi, E., \u015eahin, G., Ebadi Torkayesh, A., &amp; Y\u0131lmaz, E. (2025). Cut-based matheuristic algorithms to detect tacit collusion in deregulated electricity markets.\u00a0Energy Sources, Part B: Economics, Planning, and Policy,\u00a020(1), 2456062.doi.org\/10.1080\/15567249.2025.2456062 Vorwerg, F. C., Ebadi Torkayesh, A., &amp; Venghaus, S. (2025). From fossil fuels to alternative fuels: strategy development for a sustainable transport sector in Germany.&nbsp;Energy, Sustainability and Society,&nbsp;15(1), 4.doi.org\/10.1186\/s13705-024-00498-5 Hendiani, S., Torkayesh, A. E., Venghaus, S., &amp; Walther, G. (2025). Leading the green charge: A novel type-2 fuzzy VIKOR method applied to eco-conscious freight transport.\u00a0Expert Systems with Applications, 128082.doi.org\/10.1016\/j.eswa.2025.128082 Ebadi Torkayesh, S., &amp; Venghaus, S. 2024. Germany\u2019s Power-to-X policy for climate-neutral transport. Energy.doi.org\/10.1016\/j.energy.2024.134020 Ebadi Torkayesh, S., &amp; Venghaus, S. 2024. Fueling the future: Overcoming the barriers to market development of renewable fuels in Germany using a novel analytical approach. European Journal of Operational Research. doi.org\/10.1016\/j.ejor.2024.02.039 Ebadi Torkayesh, S., &amp; Venghaus, S. 2024. Decoding the transport policy maze towards climate neutrality: Cross-sectoral policy landscapes. Renewable and Sustainable Energy Reviews. doi.org\/10.1016\/j.rser.2024.114865 Conference Posters &amp; Proceedings Venghaus, S., Lubjuhn, S.,&#8230; <\/p>\n<p><a class=\"readmore\" href=\"https:\/\/www.socecon.rwth-aachen.de\/en\/team\/wissenschaftliche-mitarbeiter\/ali-torkayesh\/\">Continue Reading<\/a><\/p>","protected":false},"author":1,"featured_media":0,"parent":315,"menu_order":0,"comment_status":"closed","ping_status":"closed","template":"","meta":{"_crdt_document":"","footnotes":""},"class_list":["post-319","page","type-page","status-publish","hentry"],"_links":{"self":[{"href":"https:\/\/www.socecon.rwth-aachen.de\/en\/wp-json\/wp\/v2\/pages\/319","targetHints":{"allow":["GET"]}}],"collection":[{"href":"https:\/\/www.socecon.rwth-aachen.de\/en\/wp-json\/wp\/v2\/pages"}],"about":[{"href":"https:\/\/www.socecon.rwth-aachen.de\/en\/wp-json\/wp\/v2\/types\/page"}],"author":[{"embeddable":true,"href":"https:\/\/www.socecon.rwth-aachen.de\/en\/wp-json\/wp\/v2\/users\/1"}],"replies":[{"embeddable":true,"href":"https:\/\/www.socecon.rwth-aachen.de\/en\/wp-json\/wp\/v2\/comments?post=319"}],"version-history":[{"count":28,"href":"https:\/\/www.socecon.rwth-aachen.de\/en\/wp-json\/wp\/v2\/pages\/319\/revisions"}],"predecessor-version":[{"id":1054,"href":"https:\/\/www.socecon.rwth-aachen.de\/en\/wp-json\/wp\/v2\/pages\/319\/revisions\/1054"}],"up":[{"embeddable":true,"href":"https:\/\/www.socecon.rwth-aachen.de\/en\/wp-json\/wp\/v2\/pages\/315"}],"wp:attachment":[{"href":"https:\/\/www.socecon.rwth-aachen.de\/en\/wp-json\/wp\/v2\/media?parent=319"}],"curies":[{"name":"wp","href":"https:\/\/api.w.org\/{rel}","templated":true}]}}