{"id":315,"date":"2022-01-25T16:53:44","date_gmt":"2022-01-25T15:53:44","guid":{"rendered":"https:\/\/www.socecon.rwth-aachen.de\/?page_id=315"},"modified":"2025-02-28T12:55:39","modified_gmt":"2025-02-28T11:55:39","slug":"wissenschaftliche-mitarbeiter","status":"publish","type":"page","link":"https:\/\/www.socecon.rwth-aachen.de\/en\/team\/wissenschaftliche-mitarbeiter\/","title":{"rendered":"Research Associates"},"content":{"rendered":"<div class=\"wp-block-group\"><div class=\"wp-block-group__inner-container is-layout-flow wp-block-group-is-layout-flow\">\n<div class=\"wp-block-columns is-layout-flex wp-container-core-columns-is-layout-8f761849 wp-block-columns-is-layout-flex\">\n<div class=\"wp-block-column is-layout-flow wp-block-column-is-layout-flow\">\n<div class=\"wp-block-group\"><div class=\"wp-block-group__inner-container is-layout-flow wp-block-group-is-layout-flow\">\n<p class=\"has-small-font-size wp-block-paragraph\"><mark style=\"background-color:rgba(0, 0, 0, 0)\" class=\"has-inline-color has-vivid-cyan-blue-color\">M. Sc.<\/mark><br>Ali E. Torkayesh<\/p>\n\n\n\n<figure class=\"wp-block-image size-large is-resized\"><img loading=\"lazy\" decoding=\"async\" width=\"683\" height=\"1024\" src=\"https:\/\/www.socecon.rwth-aachen.de\/wp-content\/uploads\/2023\/02\/Portraet-122-1-683x1024.jpg\" alt=\"\" class=\"wp-image-614\" style=\"width:103px;height:153px\" srcset=\"https:\/\/www.socecon.rwth-aachen.de\/wp-content\/uploads\/2023\/02\/Portraet-122-1-683x1024.jpg 683w, https:\/\/www.socecon.rwth-aachen.de\/wp-content\/uploads\/2023\/02\/Portraet-122-1-200x300.jpg 200w, https:\/\/www.socecon.rwth-aachen.de\/wp-content\/uploads\/2023\/02\/Portraet-122-1-768x1152.jpg 768w, https:\/\/www.socecon.rwth-aachen.de\/wp-content\/uploads\/2023\/02\/Portraet-122-1-1024x1536.jpg 1024w, https:\/\/www.socecon.rwth-aachen.de\/wp-content\/uploads\/2023\/02\/Portraet-122-1-1365x2048.jpg 1365w, https:\/\/www.socecon.rwth-aachen.de\/wp-content\/uploads\/2023\/02\/Portraet-122-1.jpg 1417w\" sizes=\"auto, (max-width: 683px) 100vw, 683px\" \/><\/figure>\n\n\n\n<p class=\"has-small-font-size wp-block-paragraph\">E-Mail: <a href=\"mailto:ali.torkayesh@socecon.rwth-aachen.de\">ali.torkayesh@socecon.rwth-aachen.de<\/a><br>Room: 136<br>Kackertstra\u00dfe 7<br>52072 Aachen<br><\/p>\n<\/div><\/div>\n<\/div>\n\n\n\n<div class=\"wp-block-column is-layout-flow wp-block-column-is-layout-flow\">\n<div class=\"wp-block-group\"><div class=\"wp-block-group__inner-container is-layout-flow wp-block-group-is-layout-flow\">\n<p class=\"has-small-font-size wp-block-paragraph\"><mark style=\"background-color:rgba(0, 0, 0, 0)\" class=\"has-inline-color has-vivid-cyan-blue-color\">M. Sc. RWTH<\/mark><br>Sebastian Lubjuhn<\/p>\n\n\n\n<figure class=\"wp-block-image size-full is-resized\"><img loading=\"lazy\" decoding=\"async\" width=\"708\" height=\"906\" src=\"http:\/\/www.socecon.rwth-aachen.de\/wp-content\/uploads\/2022\/02\/Foto_Lubjuhn2.jpg\" alt=\"\" class=\"wp-image-420\" style=\"width:114px;height:146px\" srcset=\"https:\/\/www.socecon.rwth-aachen.de\/wp-content\/uploads\/2022\/02\/Foto_Lubjuhn2.jpg 708w, https:\/\/www.socecon.rwth-aachen.de\/wp-content\/uploads\/2022\/02\/Foto_Lubjuhn2-234x300.jpg 234w\" sizes=\"auto, (max-width: 708px) 100vw, 708px\" \/><\/figure>\n<\/div><\/div>\n\n\n\n<p class=\"has-small-font-size wp-block-paragraph\">E-Mail: <a href=\"mailto:sebastian.lubjuhn@socecon.rwth-aachen.de\">sebastian.lubjuhn@socecon.rwth-aachen.de<\/a><br>Room: 136<br>Kackertstra\u00dfe 7<br>52072 Aachen <\/p>\n<\/div>\n<\/div>\n<\/div><\/div>\n\n\n\n<div class=\"wp-block-columns is-layout-flex wp-container-core-columns-is-layout-8f761849 wp-block-columns-is-layout-flex\">\n<div class=\"wp-block-column is-layout-flow wp-block-column-is-layout-flow\">\n<p class=\"has-black-color has-text-color has-small-font-size wp-block-paragraph\"><mark style=\"background-color:rgba(0, 0, 0, 0)\" class=\"has-inline-color has-vivid-cyan-blue-color\">M. A.<\/mark><br>Rega Sota<\/p>\n\n\n\n<figure class=\"wp-block-image size-large is-resized\"><img loading=\"lazy\" decoding=\"async\" width=\"949\" height=\"1024\" src=\"http:\/\/www.socecon.rwth-aachen.de\/wp-content\/uploads\/2022\/08\/SurbhiBharadwaj_Rega-Sota-53-of-56-1-scaled-e1659446068315-949x1024.jpg\" alt=\"\" class=\"wp-image-533\" style=\"width:139px;height:150px\" srcset=\"https:\/\/www.socecon.rwth-aachen.de\/wp-content\/uploads\/2022\/08\/SurbhiBharadwaj_Rega-Sota-53-of-56-1-scaled-e1659446068315-949x1024.jpg 949w, https:\/\/www.socecon.rwth-aachen.de\/wp-content\/uploads\/2022\/08\/SurbhiBharadwaj_Rega-Sota-53-of-56-1-scaled-e1659446068315-278x300.jpg 278w, https:\/\/www.socecon.rwth-aachen.de\/wp-content\/uploads\/2022\/08\/SurbhiBharadwaj_Rega-Sota-53-of-56-1-scaled-e1659446068315-768x828.jpg 768w, https:\/\/www.socecon.rwth-aachen.de\/wp-content\/uploads\/2022\/08\/SurbhiBharadwaj_Rega-Sota-53-of-56-1-scaled-e1659446068315.jpg 1399w\" sizes=\"auto, (max-width: 949px) 100vw, 949px\" \/><\/figure>\n\n\n\n<p class=\"has-small-font-size wp-block-paragraph\">E-Mail: <a href=\"mailto:rega.sota@socecon.rwth-aachen.de\" data-type=\"mailto\" data-id=\"mailto:rega.sota@socecon.rwth-aachen.de\">rega.sota@socecon.rwth-aachen.de<\/a><br>Room: 136<br>Kackertstra\u00dfe 7<br>52072 Aachen<\/p>\n<\/div>\n\n\n\n<div class=\"wp-block-column is-layout-flow wp-block-column-is-layout-flow\">\n<p class=\"has-black-color has-text-color has-small-font-size wp-block-paragraph\"><mark style=\"background-color:rgba(0, 0, 0, 0)\" class=\"has-inline-color has-vivid-cyan-blue-color\">M. Sc.<\/mark><br><a href=\"https:\/\/www.socecon.rwth-aachen.de\/en\/team\/wissenschaftliche-mitarbeiter\/ir-nadiyatur-rahmatikal-wasiah-s-t-m-t\/\" data-type=\"URL\" data-id=\"https:\/\/www.socecon.rwth-aachen.de\/team\/wissenschaftliche-mitarbeiter\/ir-nadiyatur-rahmatikal-wasiah-s-t-m-t\/\">Ir. Nadiyatur Rahmatikal Wasi\u2019ah<\/a><\/p>\n\n\n\n<figure class=\"wp-block-image size-large is-resized\"><img loading=\"lazy\" decoding=\"async\" width=\"874\" height=\"1024\" src=\"http:\/\/www.socecon.rwth-aachen.de\/wp-content\/uploads\/2025\/01\/4635-874x1024.png\" alt=\"\" class=\"wp-image-924\" style=\"width:139px;height:150px\" srcset=\"https:\/\/www.socecon.rwth-aachen.de\/wp-content\/uploads\/2025\/01\/4635-874x1024.png 874w, https:\/\/www.socecon.rwth-aachen.de\/wp-content\/uploads\/2025\/01\/4635-256x300.png 256w, https:\/\/www.socecon.rwth-aachen.de\/wp-content\/uploads\/2025\/01\/4635-768x899.png 768w, https:\/\/www.socecon.rwth-aachen.de\/wp-content\/uploads\/2025\/01\/4635-1312x1536.png 1312w, https:\/\/www.socecon.rwth-aachen.de\/wp-content\/uploads\/2025\/01\/4635-10x12.png 10w, https:\/\/www.socecon.rwth-aachen.de\/wp-content\/uploads\/2025\/01\/4635.png 1315w\" sizes=\"auto, (max-width: 874px) 100vw, 874px\" \/><\/figure>\n\n\n\n<p class=\"has-small-font-size wp-block-paragraph\">E-Mail: <a href=\"mailto:sebastian.lubjuhn@socecon.rwth-aachen.de\"><\/a><a href=\"mailto:ali.torkayesh@socecon.rwth-aachen.de\"><\/a><a href=\"mailto:wasiah@socecon.rwth-aachen.de\">wasiah@socecon.rwth-aachen.de<\/a><br>Raum: B140<br>Kackertstra\u00dfe 7<br>52072 Aachen<\/p>\n<\/div>\n<\/div>\n\n\n\n<p class=\"wp-block-paragraph\"><\/p>","protected":false},"excerpt":{"rendered":"<p>M. Sc.Ali E. Torkayesh E-Mail: ali.torkayesh@socecon.rwth-aachen.deRaum: 136Kackertstra\u00dfe 752072 Aachen M. Sc. RWTHSebastian Lubjuhn E-Mail: sebastian.lubjuhn@socecon.rwth-aachen.deRaum: 136Kackertstra\u00dfe 752072 Aachen M. A.Rega Sota E-Mail: rega.sota@socecon.rwth-aachen.deRaum: 136Kackertstra\u00dfe 752072 Aachen M. Sc.Ir. Nadiyatur Rahmatikal Wasi\u2019ah E-Mail: wasiah@socecon.rwth-aachen.deRaum: B140Kackertstra\u00dfe 752072 Aachen<\/p>","protected":false},"author":1,"featured_media":0,"parent":93,"menu_order":0,"comment_status":"closed","ping_status":"closed","template":"","meta":{"_crdt_document":"","footnotes":""},"class_list":["post-315","page","type-page","status-publish","hentry"],"_links":{"self":[{"href":"https:\/\/www.socecon.rwth-aachen.de\/en\/wp-json\/wp\/v2\/pages\/315","targetHints":{"allow":["GET"]}}],"collection":[{"href":"https:\/\/www.socecon.rwth-aachen.de\/en\/wp-json\/wp\/v2\/pages"}],"about":[{"href":"https:\/\/www.socecon.rwth-aachen.de\/en\/wp-json\/wp\/v2\/types\/page"}],"author":[{"embeddable":true,"href":"https:\/\/www.socecon.rwth-aachen.de\/en\/wp-json\/wp\/v2\/users\/1"}],"replies":[{"embeddable":true,"href":"https:\/\/www.socecon.rwth-aachen.de\/en\/wp-json\/wp\/v2\/comments?post=315"}],"version-history":[{"count":13,"href":"https:\/\/www.socecon.rwth-aachen.de\/en\/wp-json\/wp\/v2\/pages\/315\/revisions"}],"predecessor-version":[{"id":984,"href":"https:\/\/www.socecon.rwth-aachen.de\/en\/wp-json\/wp\/v2\/pages\/315\/revisions\/984"}],"up":[{"embeddable":true,"href":"https:\/\/www.socecon.rwth-aachen.de\/en\/wp-json\/wp\/v2\/pages\/93"}],"wp:attachment":[{"href":"https:\/\/www.socecon.rwth-aachen.de\/en\/wp-json\/wp\/v2\/media?parent=315"}],"curies":[{"name":"wp","href":"https:\/\/api.w.org\/{rel}","templated":true}]}}