{"id":24,"date":"2021-09-02T18:49:34","date_gmt":"2021-09-02T16:49:34","guid":{"rendered":"http:\/\/localhost\/wordpress\/?page_id=24"},"modified":"2021-10-06T17:58:48","modified_gmt":"2021-10-06T15:58:48","slug":"forschung","status":"publish","type":"page","link":"https:\/\/www.socecon.rwth-aachen.de\/en\/forschung\/","title":{"rendered":"Research"},"content":{"rendered":"<p class=\"wp-block-paragraph\">The current research focus is on quantitative modeling of complex socio-ecological systems with particular interest in the impact of policy options on social, economic, and ecological parameters.<\/p>\n\n\n\n<p class=\"wp-block-paragraph\">On the subpages you will find the individual topics.<\/p>","protected":false},"excerpt":{"rendered":"<p>Der derzeitige Forschungsschwerpunkt liegt in der quantitativen Modellierung komplexer sozio-\u00f6kologischer Systeme mit besonderem Interesse an den Auswirkungen politischer Handlungsoptionen auf soziale, \u00f6konomische und \u00f6kologische Parameter. Auf den Unterseiten finden Sie die einzelnen Themen.<\/p>","protected":false},"author":1,"featured_media":0,"parent":0,"menu_order":0,"comment_status":"closed","ping_status":"closed","template":"","meta":{"_crdt_document":"","footnotes":""},"class_list":["post-24","page","type-page","status-publish","hentry"],"_links":{"self":[{"href":"https:\/\/www.socecon.rwth-aachen.de\/en\/wp-json\/wp\/v2\/pages\/24","targetHints":{"allow":["GET"]}}],"collection":[{"href":"https:\/\/www.socecon.rwth-aachen.de\/en\/wp-json\/wp\/v2\/pages"}],"about":[{"href":"https:\/\/www.socecon.rwth-aachen.de\/en\/wp-json\/wp\/v2\/types\/page"}],"author":[{"embeddable":true,"href":"https:\/\/www.socecon.rwth-aachen.de\/en\/wp-json\/wp\/v2\/users\/1"}],"replies":[{"embeddable":true,"href":"https:\/\/www.socecon.rwth-aachen.de\/en\/wp-json\/wp\/v2\/comments?post=24"}],"version-history":[{"count":2,"href":"https:\/\/www.socecon.rwth-aachen.de\/en\/wp-json\/wp\/v2\/pages\/24\/revisions"}],"predecessor-version":[{"id":153,"href":"https:\/\/www.socecon.rwth-aachen.de\/en\/wp-json\/wp\/v2\/pages\/24\/revisions\/153"}],"wp:attachment":[{"href":"https:\/\/www.socecon.rwth-aachen.de\/en\/wp-json\/wp\/v2\/media?parent=24"}],"curies":[{"name":"wp","href":"https:\/\/api.w.org\/{rel}","templated":true}]}}